{"id":1008,"date":"2016-07-04T13:42:23","date_gmt":"2016-07-04T12:42:23","guid":{"rendered":"http:\/\/www.protontherapie.fr\/ru\/mentions-legales\/"},"modified":"2017-07-03T10:36:48","modified_gmt":"2017-07-03T09:36:48","slug":"mentions-legales","status":"publish","type":"page","link":"https:\/\/www.protontherapie.fr\/ru\/mentions-legales\/","title":{"rendered":"\u041f\u0420\u0410\u0412\u041e\u0412\u0410\u042f \u0418\u041d\u0424\u041e\u0420\u041c\u0410\u0426\u0418\u042f"},"content":{"rendered":"<h1 class=\"text-center\">Vous \u00eates actuellement connect\u00e9 au site internet<br \/>\nl\u2019Institut M\u00e9diterran\u00e9en de ProtonTh\u00e9rapie<br \/>\ndu Centre Antoine Lacassagne<\/h1>\n<hr \/>\n<p>Centre de Lutte contre le cancer<br \/>\nMembre du groupe UNICANCER<br \/>\nEtablissement de Sant\u00e9 r\u00e9gi par les articles L6162-1<br \/>\net suivants du Code de la Sant\u00e9 Publique.<\/p>\n<hr \/>\n<h2>Editeur du Site<\/h2>\n<p>Centre Antoine Lacassagne<br \/>\n33 Avenue de Valombrose<br \/>\n06189 Nice Cedex 2<br \/>\nT\u00e9l 04 92 03 12 87<br \/>\nFax 04 92 03 10 10<\/p>\n<p>communication@nice.unicancer.fr<\/p>\n<hr \/>\n<h2>H\u00e9bergement du Site<\/h2>\n<p>OVH<\/p>\n<hr \/>\n<h2>R\u00e9alisation<\/h2>\n<p>Conception informatique : SARL VCOMK<br \/>\nConception graphique : SARL VCOMK<br \/>\nCharte graphique\u00a0: SARL LES CARNETS MEDIACOM<\/p>\n<hr \/>\n<h2>Directeur de la publication<\/h2>\n<p>&nbsp;<\/p>\n<p>Pr Jo\u00ebl Guigay, Directeur G\u00e9n\u00e9ral du Centre Antoine Lacassagne<\/p>\n<h2>Responsable de la r\u00e9daction<\/h2>\n<p>Mme Isabelle Augier, Directrice de la Communication<\/p>\n<h2>R\u00e9dacteurs<\/h2>\n<p>Mme Isabelle Augier,<br \/>\nDirectrice de la Communication<br \/>\nM. Malik Albert,<br \/>\nDr Pierre-Yves Bondiau,<br \/>\nDr J\u00e9r\u00f4me Doyen,<br \/>\nPr Jean-Michel Hannoun-Levi,<br \/>\nM. Richard Trimaud,<br \/>\nMme Isabelle Augier,<br \/>\nMme Elisa Fontaine,<br \/>\nMme Nadia Trabelsi,<br \/>\nMme Camille Dao.<\/p>\n<hr \/>\n<h2>Cible vis\u00e9e<\/h2>\n<p>&nbsp;<\/p>\n<ul>\n<li>\u2022 Grand public<\/li>\n<li>\u2022 Professionnel de sant\u00e9<\/li>\n<li>\u2022 Personnel de l\u2019\u00e9tablissement<\/li>\n<\/ul>\n<p>&nbsp;<\/p>\n<hr \/>\n<h2>Financement du site<\/h2>\n<p>Le site internet est financ\u00e9 enti\u00e8rement par le Centre Antoine Lacassagne.<br \/>\nLe site n\u2019accepte pas les publicit\u00e9s<\/p>\n<hr \/>\n<h2>Utilisation des informations<\/h2>\n<p><strong><br \/>\nLes informations figurant sur le site sont destin\u00e9es \u00e0 compl\u00e9ter et \u00e0 encourager les relations entre patient et m\u00e9decin, et non \u00e0 les remplacer.<br \/>\nLes informations m\u00e9dicales et scientifiques donn\u00e9es ici ne sauraient constituer en aucun cas un diagnostic ou une indication th\u00e9rapeutique, que seul le m\u00e9decin peut \u00e9tablir, apr\u00e8s examen de votre cas particulier, lors d\u2019une consultation.<br \/>\n<\/strong><br \/>\nLe Centre Antoine Lacassagne rappelle que le contenu de son site Internet peut comporter des erreurs ou des oublis, et qu\u2019il est susceptible d\u2019\u00eatre modifi\u00e9 ou faire l\u2019objet d\u2019une mise \u00e0 jour. Les informations mises \u00e0 disposition n\u2019ont qu\u2019une valeur indicative et ne sauraient engager la responsabilit\u00e9 du Centre Antoine Lacassagne.<\/p>\n<hr \/>\n<h2>Liens vers des sites ext\u00e9rieurs<\/h2>\n<p>&nbsp;<\/p>\n<p>Le site web du Centre Antoine Lacassagne contient des liens vers des sites web g\u00e9r\u00e9s par des tiers. Ces liens vous sont propos\u00e9s pour \u00e9largir l\u2019offre informationnelle. Le Centre Antoine Lacassagne n\u2019\u00e9tant pas l\u2019\u00e9diteur de ces sites, sa responsabilit\u00e9 ne saurait \u00eatre engag\u00e9e par le contenu de ces sites.<\/p>\n<hr \/>\n<p>&nbsp;<\/p>\n<h2 class=\"ck-element ck-element-1\"><strong>Conformit\u00e9 du site avec la recommandation de la CNIL<\/h2>\n<p>Les lois des 6 janvier 1978 et du 1er juillet 94 veillent \u00e0 ce que l\u2019informatique soit au service de chacun et ne porte atteinte ni \u00e0 l\u2019identit\u00e9 humaine, ni \u00e0 la vie priv\u00e9e, ni aux libert\u00e9s publiques ou individuelles. Le Centre Antoine Lacassagne s\u2019engage \u00e0 respecter la recommandation du 8 mars 2001 de la Commission Nationale Informatique et Libert\u00e9 (CNIL), notamment en mati\u00e8re de protection des libert\u00e9s individuelles des internautes amen\u00e9s (e)s \u00e0 nous communiquer des informations personnelles.<br \/>\nPour en savoir plus, www.cnil.fr<\/p>\n","protected":false},"excerpt":{"rendered":"<p>Vous \u00eates actuellement connect\u00e9 au site internet l\u2019Institut M\u00e9diterran\u00e9en de ProtonTh\u00e9rapie du Centre Antoine Lacassagne Centre de Lutte contre le cancer Membre du groupe UNICANCER Etablissement de Sant\u00e9 r\u00e9gi par les articles L6162-1 et suivants du Code de la Sant\u00e9 Publique. Editeur du Site Centre Antoine Lacassagne 33 Avenue de Valombrose 06189 Nice Cedex 2 [&hellip;]<\/p>\n","protected":false},"author":1,"featured_media":256,"parent":0,"menu_order":0,"comment_status":"closed","ping_status":"closed","template":"page-cms.php","meta":{"_acf_changed":false,"footnotes":""},"class_list":["post-1008","page","type-page","status-publish","has-post-thumbnail","hentry"],"acf":[],"yoast_head":"<!-- This site is optimized with the Yoast SEO plugin v27.3 - https:\/\/yoast.com\/product\/yoast-seo-wordpress\/ -->\n<title>\u041f\u0420\u0410\u0412\u041e\u0412\u0410\u042f \u0418\u041d\u0424\u041e\u0420\u041c\u0410\u0426\u0418\u042f - INSTITUT M\u00c9DITERRAN\u00c9EN DE PROTONTH\u00c9RAPIE<\/title>\n<meta name=\"robots\" content=\"index, follow, max-snippet:-1, max-image-preview:large, max-video-preview:-1\" \/>\n<link rel=\"canonical\" href=\"https:\/\/www.protontherapie.fr\/mentions-legales\/\" \/>\n<meta property=\"og:locale\" content=\"ru_RU\" \/>\n<meta property=\"og:type\" content=\"article\" \/>\n<meta property=\"og:title\" content=\"\u041f\u0420\u0410\u0412\u041e\u0412\u0410\u042f \u0418\u041d\u0424\u041e\u0420\u041c\u0410\u0426\u0418\u042f - INSTITUT M\u00c9DITERRAN\u00c9EN DE PROTONTH\u00c9RAPIE\" \/>\n<meta property=\"og:description\" content=\"Vous \u00eates actuellement connect\u00e9 au site internet l\u2019Institut M\u00e9diterran\u00e9en de ProtonTh\u00e9rapie du Centre Antoine Lacassagne Centre de Lutte contre le cancer Membre du groupe UNICANCER Etablissement de Sant\u00e9 r\u00e9gi par les articles L6162-1 et suivants du Code de la Sant\u00e9 Publique. Editeur du Site Centre Antoine Lacassagne 33 Avenue de Valombrose 06189 Nice Cedex 2 [&hellip;]\" \/>\n<meta property=\"og:url\" content=\"https:\/\/www.protontherapie.fr\/mentions-legales\/\" \/>\n<meta property=\"og:site_name\" content=\"INSTITUT M\u00c9DITERRAN\u00c9EN DE PROTONTH\u00c9RAPIE\" \/>\n<meta property=\"article:modified_time\" content=\"2017-07-03T09:36:48+00:00\" \/>\n<meta property=\"og:image\" content=\"https:\/\/www.protontherapie.fr\/wp-content\/uploads\/2016\/03\/bandeau_impt-1.jpg\" \/>\n\t<meta property=\"og:image:width\" content=\"1224\" \/>\n\t<meta property=\"og:image:height\" content=\"365\" \/>\n\t<meta property=\"og:image:type\" content=\"image\/jpeg\" \/>\n<meta name=\"twitter:card\" content=\"summary_large_image\" \/>\n<meta name=\"twitter:label1\" content=\"\u041f\u0440\u0438\u043c\u0435\u0440\u043d\u043e\u0435 \u0432\u0440\u0435\u043c\u044f \u0434\u043b\u044f \u0447\u0442\u0435\u043d\u0438\u044f\" \/>\n\t<meta name=\"twitter:data1\" content=\"2 \u043c\u0438\u043d\u0443\u0442\u044b\" \/>\n<script type=\"application\/ld+json\" class=\"yoast-schema-graph\">{\"@context\":\"https:\\\/\\\/schema.org\",\"@graph\":[{\"@type\":\"WebPage\",\"@id\":\"https:\\\/\\\/www.protontherapie.fr\\\/mentions-legales\\\/\",\"url\":\"https:\\\/\\\/www.protontherapie.fr\\\/mentions-legales\\\/\",\"name\":\"\u041f\u0420\u0410\u0412\u041e\u0412\u0410\u042f \u0418\u041d\u0424\u041e\u0420\u041c\u0410\u0426\u0418\u042f - INSTITUT M\u00c9DITERRAN\u00c9EN DE PROTONTH\u00c9RAPIE\",\"isPartOf\":{\"@id\":\"https:\\\/\\\/www.protontherapie.fr\\\/#website\"},\"primaryImageOfPage\":{\"@id\":\"https:\\\/\\\/www.protontherapie.fr\\\/mentions-legales\\\/#primaryimage\"},\"image\":{\"@id\":\"https:\\\/\\\/www.protontherapie.fr\\\/mentions-legales\\\/#primaryimage\"},\"thumbnailUrl\":\"https:\\\/\\\/www.protontherapie.fr\\\/wp-content\\\/uploads\\\/2016\\\/03\\\/bandeau_impt-1.jpg\",\"datePublished\":\"2016-07-04T12:42:23+00:00\",\"dateModified\":\"2017-07-03T09:36:48+00:00\",\"breadcrumb\":{\"@id\":\"https:\\\/\\\/www.protontherapie.fr\\\/mentions-legales\\\/#breadcrumb\"},\"inLanguage\":\"ru-RU\",\"potentialAction\":[{\"@type\":\"ReadAction\",\"target\":[\"https:\\\/\\\/www.protontherapie.fr\\\/mentions-legales\\\/\"]}]},{\"@type\":\"ImageObject\",\"inLanguage\":\"ru-RU\",\"@id\":\"https:\\\/\\\/www.protontherapie.fr\\\/mentions-legales\\\/#primaryimage\",\"url\":\"https:\\\/\\\/www.protontherapie.fr\\\/wp-content\\\/uploads\\\/2016\\\/03\\\/bandeau_impt-1.jpg\",\"contentUrl\":\"https:\\\/\\\/www.protontherapie.fr\\\/wp-content\\\/uploads\\\/2016\\\/03\\\/bandeau_impt-1.jpg\",\"width\":1224,\"height\":365},{\"@type\":\"BreadcrumbList\",\"@id\":\"https:\\\/\\\/www.protontherapie.fr\\\/mentions-legales\\\/#breadcrumb\",\"itemListElement\":[{\"@type\":\"ListItem\",\"position\":1,\"name\":\"Accueil\",\"item\":\"https:\\\/\\\/www.protontherapie.fr\\\/\"},{\"@type\":\"ListItem\",\"position\":2,\"name\":\"\u041f\u0420\u0410\u0412\u041e\u0412\u0410\u042f \u0418\u041d\u0424\u041e\u0420\u041c\u0410\u0426\u0418\u042f\"}]},{\"@type\":\"WebSite\",\"@id\":\"https:\\\/\\\/www.protontherapie.fr\\\/#website\",\"url\":\"https:\\\/\\\/www.protontherapie.fr\\\/\",\"name\":\"INSTITUT M\u00c9DITERRAN\u00c9EN DE PROTONTH\u00c9RAPIE\",\"description\":\"Un site utilisant WordPress\",\"potentialAction\":[{\"@type\":\"SearchAction\",\"target\":{\"@type\":\"EntryPoint\",\"urlTemplate\":\"https:\\\/\\\/www.protontherapie.fr\\\/?s={search_term_string}\"},\"query-input\":{\"@type\":\"PropertyValueSpecification\",\"valueRequired\":true,\"valueName\":\"search_term_string\"}}],\"inLanguage\":\"ru-RU\"}]}<\/script>\n<!-- \/ Yoast SEO plugin. -->","yoast_head_json":{"title":"\u041f\u0420\u0410\u0412\u041e\u0412\u0410\u042f \u0418\u041d\u0424\u041e\u0420\u041c\u0410\u0426\u0418\u042f - INSTITUT M\u00c9DITERRAN\u00c9EN DE PROTONTH\u00c9RAPIE","robots":{"index":"index","follow":"follow","max-snippet":"max-snippet:-1","max-image-preview":"max-image-preview:large","max-video-preview":"max-video-preview:-1"},"canonical":"https:\/\/www.protontherapie.fr\/mentions-legales\/","og_locale":"ru_RU","og_type":"article","og_title":"\u041f\u0420\u0410\u0412\u041e\u0412\u0410\u042f \u0418\u041d\u0424\u041e\u0420\u041c\u0410\u0426\u0418\u042f - INSTITUT M\u00c9DITERRAN\u00c9EN DE PROTONTH\u00c9RAPIE","og_description":"Vous \u00eates actuellement connect\u00e9 au site internet l\u2019Institut M\u00e9diterran\u00e9en de ProtonTh\u00e9rapie du Centre Antoine Lacassagne Centre de Lutte contre le cancer Membre du groupe UNICANCER Etablissement de Sant\u00e9 r\u00e9gi par les articles L6162-1 et suivants du Code de la Sant\u00e9 Publique. Editeur du Site Centre Antoine Lacassagne 33 Avenue de Valombrose 06189 Nice Cedex 2 [&hellip;]","og_url":"https:\/\/www.protontherapie.fr\/mentions-legales\/","og_site_name":"INSTITUT M\u00c9DITERRAN\u00c9EN DE PROTONTH\u00c9RAPIE","article_modified_time":"2017-07-03T09:36:48+00:00","og_image":[{"width":1224,"height":365,"url":"https:\/\/www.protontherapie.fr\/wp-content\/uploads\/2016\/03\/bandeau_impt-1.jpg","type":"image\/jpeg"}],"twitter_card":"summary_large_image","twitter_misc":{"\u041f\u0440\u0438\u043c\u0435\u0440\u043d\u043e\u0435 \u0432\u0440\u0435\u043c\u044f \u0434\u043b\u044f \u0447\u0442\u0435\u043d\u0438\u044f":"2 \u043c\u0438\u043d\u0443\u0442\u044b"},"schema":{"@context":"https:\/\/schema.org","@graph":[{"@type":"WebPage","@id":"https:\/\/www.protontherapie.fr\/mentions-legales\/","url":"https:\/\/www.protontherapie.fr\/mentions-legales\/","name":"\u041f\u0420\u0410\u0412\u041e\u0412\u0410\u042f \u0418\u041d\u0424\u041e\u0420\u041c\u0410\u0426\u0418\u042f - INSTITUT M\u00c9DITERRAN\u00c9EN DE PROTONTH\u00c9RAPIE","isPartOf":{"@id":"https:\/\/www.protontherapie.fr\/#website"},"primaryImageOfPage":{"@id":"https:\/\/www.protontherapie.fr\/mentions-legales\/#primaryimage"},"image":{"@id":"https:\/\/www.protontherapie.fr\/mentions-legales\/#primaryimage"},"thumbnailUrl":"https:\/\/www.protontherapie.fr\/wp-content\/uploads\/2016\/03\/bandeau_impt-1.jpg","datePublished":"2016-07-04T12:42:23+00:00","dateModified":"2017-07-03T09:36:48+00:00","breadcrumb":{"@id":"https:\/\/www.protontherapie.fr\/mentions-legales\/#breadcrumb"},"inLanguage":"ru-RU","potentialAction":[{"@type":"ReadAction","target":["https:\/\/www.protontherapie.fr\/mentions-legales\/"]}]},{"@type":"ImageObject","inLanguage":"ru-RU","@id":"https:\/\/www.protontherapie.fr\/mentions-legales\/#primaryimage","url":"https:\/\/www.protontherapie.fr\/wp-content\/uploads\/2016\/03\/bandeau_impt-1.jpg","contentUrl":"https:\/\/www.protontherapie.fr\/wp-content\/uploads\/2016\/03\/bandeau_impt-1.jpg","width":1224,"height":365},{"@type":"BreadcrumbList","@id":"https:\/\/www.protontherapie.fr\/mentions-legales\/#breadcrumb","itemListElement":[{"@type":"ListItem","position":1,"name":"Accueil","item":"https:\/\/www.protontherapie.fr\/"},{"@type":"ListItem","position":2,"name":"\u041f\u0420\u0410\u0412\u041e\u0412\u0410\u042f \u0418\u041d\u0424\u041e\u0420\u041c\u0410\u0426\u0418\u042f"}]},{"@type":"WebSite","@id":"https:\/\/www.protontherapie.fr\/#website","url":"https:\/\/www.protontherapie.fr\/","name":"INSTITUT M\u00c9DITERRAN\u00c9EN DE PROTONTH\u00c9RAPIE","description":"Un site utilisant WordPress","potentialAction":[{"@type":"SearchAction","target":{"@type":"EntryPoint","urlTemplate":"https:\/\/www.protontherapie.fr\/?s={search_term_string}"},"query-input":{"@type":"PropertyValueSpecification","valueRequired":true,"valueName":"search_term_string"}}],"inLanguage":"ru-RU"}]}},"_links":{"self":[{"href":"https:\/\/www.protontherapie.fr\/ru\/wp-json\/wp\/v2\/pages\/1008","targetHints":{"allow":["GET"]}}],"collection":[{"href":"https:\/\/www.protontherapie.fr\/ru\/wp-json\/wp\/v2\/pages"}],"about":[{"href":"https:\/\/www.protontherapie.fr\/ru\/wp-json\/wp\/v2\/types\/page"}],"author":[{"embeddable":true,"href":"https:\/\/www.protontherapie.fr\/ru\/wp-json\/wp\/v2\/users\/1"}],"replies":[{"embeddable":true,"href":"https:\/\/www.protontherapie.fr\/ru\/wp-json\/wp\/v2\/comments?post=1008"}],"version-history":[{"count":1,"href":"https:\/\/www.protontherapie.fr\/ru\/wp-json\/wp\/v2\/pages\/1008\/revisions"}],"predecessor-version":[{"id":1009,"href":"https:\/\/www.protontherapie.fr\/ru\/wp-json\/wp\/v2\/pages\/1008\/revisions\/1009"}],"wp:featuredmedia":[{"embeddable":true,"href":"https:\/\/www.protontherapie.fr\/ru\/wp-json\/wp\/v2\/media\/256"}],"wp:attachment":[{"href":"https:\/\/www.protontherapie.fr\/ru\/wp-json\/wp\/v2\/media?parent=1008"}],"curies":[{"name":"wp","href":"https:\/\/api.w.org\/{rel}","templated":true}]}}