{"id":795,"date":"2017-04-21T15:30:27","date_gmt":"2017-04-21T14:30:27","guid":{"rendered":"http:\/\/www.protontherapie.fr\/it\/?page_id=795"},"modified":"2017-05-04T17:44:32","modified_gmt":"2017-05-04T16:44:32","slug":"tumori-paraspinali","status":"publish","type":"page","link":"https:\/\/www.protontherapie.fr\/it\/tumori-paraspinali\/","title":{"rendered":"Tumori paraspinali"},"content":{"rendered":"<div class=\"accordion\" data-accordion>\n<div data-control>\n<h3 id=\"first-click\">Descrizione<br \/>\n<\/h3>\n<\/div>\n<div data-content>\n<article id=\"first\" class=\"more default\">\n<p class=\"top\">\nI tumori paraspinali sono neoplasie localizzate vicino alla colonna vertebrale. Questi tumori sono rari e corrispondono a cordomi, condrosarcomi, sarcomi, ecc. Non sono facilmente operabili, in genere, e quando lo sono, spesso il chirurgo non \u00e8 in grado di eliminare completamente la massa tumorale, senza lasciare importanti postumi.\n<\/p>\n<p class=\"bottom\">\nQuesti carcinomi presentano inoltre la particolarit\u00e0 di essere resistenti alla radioterapia e richiedono dosi d\u2019irradiazione elevate. La terapia protonica, pi\u00f9 precisa della radioterapia convenzionale, pu\u00f2 fare la differenza per questi tumori che si trovano spesso accanto ad organi sani, molto sensibili a forti dosi d\u2019irradiazione.\n<\/p>\n<\/article>\n<\/div>\n<\/div>\n<div class=\"accordion\" data-accordion>\n<div data-control>\n<h3>\nSvolgimento del trattamento con protonterapia<br \/>\n<\/h3>\n<\/div>\n<div data-content>\n<article id=\"titi\" class=\"more\">\n<div class=\"principal-suite\">\n<p class=\"color-1 italique top\"><strong><br \/>\nConsultazione, simulazione della terapia su computer, riunione di concertazione pluridisciplinare.<br \/>\n<\/strong><\/p>\n<p>\nOgni paziente \u00e8 ricevuto in consultazione dall\u2019oncologo radioterapista allo scopo di raccogliere tutte le informazioni cliniche, radiologiche ed istologiche, per presentare in seguito il caso in riunione di concertazione pluridisciplinare (RCP), allo scopo di validare o no l\u2019indicazione di protonterapia.\n<\/p>\n<p>Ad esclusione di un\u2019indicazione clinica evidente e prima della consultazione, pu\u00f2 essere realizzata una simulazione della terapia su computer, allo scopo di valutare l\u2019entit\u00e0 del beneficio della terapia protonica rispetto ad una radioterapia convenzionale con fotoni o elettroni. Infatti, \u00e8 possibile che la terapia convenzionale sia idonea e che non sia necessario ricorrere ad una protonterapia.\n<\/p>\n<p>Per simulare la terapia, si ricorre ad una TAC, denominata TAC di centratura, della regione da trattare, nella posizione in cui sar\u00e0 somministrato il trattamento. Questa TAC potr\u00e0 richiedere l\u2019iniezione di un prodotto di contrasto. Per immobilizzare perfettamente la zona trattata, si ricorrer\u00e0 ad una maschera di plastica, ad esempio per i bersagli a livello del cranio. Non si tratta di una TAC diagnostica, permette per\u00f2 di raccogliere immagini su cui saranno disegnate a cura del medico radioterapista la zona da trattare e le zone da evitare. Successivamente, saranno simulati su computer il programma terapeutico e la migliore combinazione di fasci d\u2019irradiazione per irradiare al meglio il tumore, evitando il pi\u00f9 possibile i tessuti sani circostanti la lesione.<br \/>\n<\/span><\/p>\n<p>\u00c8 realizzata una TAC di centratura allo scopo di raccogliere le immagini su cui saranno disegnate le zone da trattare e quelle da evitare. Durante questo esame, vengono tatuate sulla pelle le zone da trattare. I tatuaggi hanno le dimensioni di un neo e consentiranno di garantire il corretto posizionamento del paziente. Grazie a questi punti di riferimento, \u00e8 possibile utilizzare dei laser che verranno posizionati sui tatuaggi, per potersi reperire perfettamente rispetto alla zona da trattare. La terapia di riferimento sar\u00e0 quella proposta dal medico radioterapista indirizzante, con i disegni eseguiti da quest\u2019ultimo. In caso di chemioterapia, \u00e8 prevista una consultazione a Nizza e\/o nella citt\u00e0 d\u2019origine per l\u2019avvio della chemioterapia qualora sia indicata nel corso della radioterapia.\n<\/p>\n<\/div>\n<div class=\"clearfix\"><\/div>\n<div class=\"col-md-12 principal-suite\">\n<h4 class=\"color-2 italique\">Avvio della terapia<br \/>\n<\/h4>\n<p class=\"bottom\">La dose totale dell\u2019irradiazione da erogare \u00e8 divisa in molteplici piccole dosi, generalmente da 1,8 a 2 Gy. Queste dosi sono erogate quotidianamente (una dose al giorno), tranne il fine settimana ed i giorni festivi. La durata totale della terapia \u00e8 quindi di diverse settimane (da 1 mese a 1 mese \u00bd). Il paziente \u00e8 ricevuto una volta alla settimana da un medico, o con maggior frequenza se necessario, per individuare e trattare gli eventuali sintomi dovuti all\u2019irradiazione. I pazienti sono anche ricevuti da un medico a Nizza o presso il centro referente alcune settimane dopo la somministrazione della terapia, per una visita di controllo\/follow-up, allo scopo di sorvegliare la tolleranza a breve termine del trattamento.\n<\/p>\n<\/div>\n<\/article>\n<\/div>\n<\/div>\n<div class=\"accordion\" data-accordion>\n<div data-control>\n<h3>Effetti collaterali<br \/>\n<\/h3>\n<\/div>\n<div data-content>\n<article id=\"tutu\" class=\"more\">\n<p class=\"top\">\nGli effetti collaterali dipendono dalla regione anatomica trattata e dalla sensibilit\u00e0 di ciascuno, che non \u00e8 prevedibile. Alcuni pazienti non percepiranno alcun effetto collaterale, mentre altri potranno sviluppare diversi sintomi. L\u2019elenco fornito di seguito non pretende in alcun modo di essere esauriente, poich\u00e9 gli effetti collaterali possono essere diversi secondo il volume e la posizione della lesione tumorale. Queste differenze sono illustrate dal medico radioterapista in sede di consultazione e la comparsa di effetti collaterali potr\u00e0 essere correttamente valutata dopo la realizzazione della dosimetria. <\/p>\n<p class=\" color-1\">\nLe complicanze che possono insorgere in caso di irradiazione di neoplasie paraspinali sono:<\/p>\n<p>\n&nbsp;&nbsp;&nbsp;&nbsp; &#8211; stanchezza,<br \/>\n<br \/>\n&nbsp;&nbsp;&nbsp;&nbsp; &#8211;\tnausea, vomito, diarrea,<br \/>\n&nbsp;&nbsp;&nbsp;&nbsp; &#8211;\t in caso di vicinanza al midollo spinale e ai nervi, pu\u00f2 apparire una possibile tossicit\u00e0 neurologica il cui rischio sar\u00e0 valutato e discusso approfonditamente con il paziente in funzione della sfida terapeutica.<br \/>\n\n<\/p>\n<\/article>\n<\/div>\n<\/div>\n","protected":false},"excerpt":{"rendered":"<p>Descrizione I tumori paraspinali sono neoplasie localizzate vicino alla colonna vertebrale. Questi tumori sono rari e corrispondono a cordomi, condrosarcomi, sarcomi, ecc. Non sono facilmente operabili, in genere, e quando lo sono, spesso il chirurgo non \u00e8 in grado di eliminare completamente la massa tumorale, senza lasciare importanti postumi. Questi carcinomi presentano inoltre la particolarit\u00e0 [&hellip;]<\/p>\n","protected":false},"author":1,"featured_media":0,"parent":0,"menu_order":0,"comment_status":"closed","ping_status":"closed","template":"page-cms.php","meta":{"_acf_changed":false,"footnotes":""},"class_list":["post-795","page","type-page","status-publish","hentry"],"acf":[],"yoast_head":"<!-- This site is optimized with the Yoast SEO plugin v27.3 - https:\/\/yoast.com\/product\/yoast-seo-wordpress\/ -->\n<title>Tumori paraspinali - INSTITUT M\u00c9DITERRAN\u00c9EN DE PROTONTH\u00c9RAPIE<\/title>\n<meta name=\"robots\" content=\"index, follow, max-snippet:-1, max-image-preview:large, max-video-preview:-1\" \/>\n<link rel=\"canonical\" href=\"https:\/\/www.protontherapie.fr\/tumeurs-parachidiennes\/\" \/>\n<meta property=\"og:locale\" content=\"it_IT\" \/>\n<meta property=\"og:type\" content=\"article\" \/>\n<meta property=\"og:title\" content=\"Tumori paraspinali - INSTITUT M\u00c9DITERRAN\u00c9EN DE PROTONTH\u00c9RAPIE\" \/>\n<meta property=\"og:description\" content=\"Descrizione I tumori paraspinali sono neoplasie localizzate vicino alla colonna vertebrale. Questi tumori sono rari e corrispondono a cordomi, condrosarcomi, sarcomi, ecc. Non sono facilmente operabili, in genere, e quando lo sono, spesso il chirurgo non \u00e8 in grado di eliminare completamente la massa tumorale, senza lasciare importanti postumi. Questi carcinomi presentano inoltre la particolarit\u00e0 [&hellip;]\" \/>\n<meta property=\"og:url\" content=\"https:\/\/www.protontherapie.fr\/tumeurs-parachidiennes\/\" \/>\n<meta property=\"og:site_name\" content=\"INSTITUT M\u00c9DITERRAN\u00c9EN DE PROTONTH\u00c9RAPIE\" \/>\n<meta property=\"article:modified_time\" content=\"2017-05-04T16:44:32+00:00\" \/>\n<meta name=\"twitter:card\" content=\"summary_large_image\" \/>\n<meta name=\"twitter:label1\" content=\"Tempo di lettura stimato\" \/>\n\t<meta name=\"twitter:data1\" content=\"4 minuti\" \/>\n<script type=\"application\/ld+json\" class=\"yoast-schema-graph\">{\"@context\":\"https:\\\/\\\/schema.org\",\"@graph\":[{\"@type\":\"WebPage\",\"@id\":\"https:\\\/\\\/www.protontherapie.fr\\\/tumeurs-parachidiennes\\\/\",\"url\":\"https:\\\/\\\/www.protontherapie.fr\\\/tumeurs-parachidiennes\\\/\",\"name\":\"Tumori paraspinali - INSTITUT M\u00c9DITERRAN\u00c9EN DE PROTONTH\u00c9RAPIE\",\"isPartOf\":{\"@id\":\"https:\\\/\\\/www.protontherapie.fr\\\/#website\"},\"datePublished\":\"2017-04-21T14:30:27+00:00\",\"dateModified\":\"2017-05-04T16:44:32+00:00\",\"breadcrumb\":{\"@id\":\"https:\\\/\\\/www.protontherapie.fr\\\/tumeurs-parachidiennes\\\/#breadcrumb\"},\"inLanguage\":\"it-IT\",\"potentialAction\":[{\"@type\":\"ReadAction\",\"target\":[\"https:\\\/\\\/www.protontherapie.fr\\\/tumeurs-parachidiennes\\\/\"]}]},{\"@type\":\"BreadcrumbList\",\"@id\":\"https:\\\/\\\/www.protontherapie.fr\\\/tumeurs-parachidiennes\\\/#breadcrumb\",\"itemListElement\":[{\"@type\":\"ListItem\",\"position\":1,\"name\":\"Accueil\",\"item\":\"https:\\\/\\\/www.protontherapie.fr\\\/it\\\/\"},{\"@type\":\"ListItem\",\"position\":2,\"name\":\"Tumori paraspinali\"}]},{\"@type\":\"WebSite\",\"@id\":\"https:\\\/\\\/www.protontherapie.fr\\\/#website\",\"url\":\"https:\\\/\\\/www.protontherapie.fr\\\/\",\"name\":\"INSTITUT M\u00c9DITERRAN\u00c9EN DE PROTONTH\u00c9RAPIE\",\"description\":\"Un site utilisant WordPress\",\"potentialAction\":[{\"@type\":\"SearchAction\",\"target\":{\"@type\":\"EntryPoint\",\"urlTemplate\":\"https:\\\/\\\/www.protontherapie.fr\\\/?s={search_term_string}\"},\"query-input\":{\"@type\":\"PropertyValueSpecification\",\"valueRequired\":true,\"valueName\":\"search_term_string\"}}],\"inLanguage\":\"it-IT\"}]}<\/script>\n<!-- \/ Yoast SEO plugin. -->","yoast_head_json":{"title":"Tumori paraspinali - INSTITUT M\u00c9DITERRAN\u00c9EN DE PROTONTH\u00c9RAPIE","robots":{"index":"index","follow":"follow","max-snippet":"max-snippet:-1","max-image-preview":"max-image-preview:large","max-video-preview":"max-video-preview:-1"},"canonical":"https:\/\/www.protontherapie.fr\/tumeurs-parachidiennes\/","og_locale":"it_IT","og_type":"article","og_title":"Tumori paraspinali - INSTITUT M\u00c9DITERRAN\u00c9EN DE PROTONTH\u00c9RAPIE","og_description":"Descrizione I tumori paraspinali sono neoplasie localizzate vicino alla colonna vertebrale. Questi tumori sono rari e corrispondono a cordomi, condrosarcomi, sarcomi, ecc. Non sono facilmente operabili, in genere, e quando lo sono, spesso il chirurgo non \u00e8 in grado di eliminare completamente la massa tumorale, senza lasciare importanti postumi. Questi carcinomi presentano inoltre la particolarit\u00e0 [&hellip;]","og_url":"https:\/\/www.protontherapie.fr\/tumeurs-parachidiennes\/","og_site_name":"INSTITUT M\u00c9DITERRAN\u00c9EN DE PROTONTH\u00c9RAPIE","article_modified_time":"2017-05-04T16:44:32+00:00","twitter_card":"summary_large_image","twitter_misc":{"Tempo di lettura stimato":"4 minuti"},"schema":{"@context":"https:\/\/schema.org","@graph":[{"@type":"WebPage","@id":"https:\/\/www.protontherapie.fr\/tumeurs-parachidiennes\/","url":"https:\/\/www.protontherapie.fr\/tumeurs-parachidiennes\/","name":"Tumori paraspinali - INSTITUT M\u00c9DITERRAN\u00c9EN DE PROTONTH\u00c9RAPIE","isPartOf":{"@id":"https:\/\/www.protontherapie.fr\/#website"},"datePublished":"2017-04-21T14:30:27+00:00","dateModified":"2017-05-04T16:44:32+00:00","breadcrumb":{"@id":"https:\/\/www.protontherapie.fr\/tumeurs-parachidiennes\/#breadcrumb"},"inLanguage":"it-IT","potentialAction":[{"@type":"ReadAction","target":["https:\/\/www.protontherapie.fr\/tumeurs-parachidiennes\/"]}]},{"@type":"BreadcrumbList","@id":"https:\/\/www.protontherapie.fr\/tumeurs-parachidiennes\/#breadcrumb","itemListElement":[{"@type":"ListItem","position":1,"name":"Accueil","item":"https:\/\/www.protontherapie.fr\/it\/"},{"@type":"ListItem","position":2,"name":"Tumori paraspinali"}]},{"@type":"WebSite","@id":"https:\/\/www.protontherapie.fr\/#website","url":"https:\/\/www.protontherapie.fr\/","name":"INSTITUT M\u00c9DITERRAN\u00c9EN DE PROTONTH\u00c9RAPIE","description":"Un site utilisant WordPress","potentialAction":[{"@type":"SearchAction","target":{"@type":"EntryPoint","urlTemplate":"https:\/\/www.protontherapie.fr\/?s={search_term_string}"},"query-input":{"@type":"PropertyValueSpecification","valueRequired":true,"valueName":"search_term_string"}}],"inLanguage":"it-IT"}]}},"_links":{"self":[{"href":"https:\/\/www.protontherapie.fr\/it\/wp-json\/wp\/v2\/pages\/795","targetHints":{"allow":["GET"]}}],"collection":[{"href":"https:\/\/www.protontherapie.fr\/it\/wp-json\/wp\/v2\/pages"}],"about":[{"href":"https:\/\/www.protontherapie.fr\/it\/wp-json\/wp\/v2\/types\/page"}],"author":[{"embeddable":true,"href":"https:\/\/www.protontherapie.fr\/it\/wp-json\/wp\/v2\/users\/1"}],"replies":[{"embeddable":true,"href":"https:\/\/www.protontherapie.fr\/it\/wp-json\/wp\/v2\/comments?post=795"}],"version-history":[{"count":2,"href":"https:\/\/www.protontherapie.fr\/it\/wp-json\/wp\/v2\/pages\/795\/revisions"}],"predecessor-version":[{"id":797,"href":"https:\/\/www.protontherapie.fr\/it\/wp-json\/wp\/v2\/pages\/795\/revisions\/797"}],"wp:attachment":[{"href":"https:\/\/www.protontherapie.fr\/it\/wp-json\/wp\/v2\/media?parent=795"}],"curies":[{"name":"wp","href":"https:\/\/api.w.org\/{rel}","templated":true}]}}