{"id":789,"date":"2017-04-21T14:57:38","date_gmt":"2017-04-21T13:57:38","guid":{"rendered":"http:\/\/www.protontherapie.fr\/it\/?page_id=789"},"modified":"2019-02-15T11:21:26","modified_gmt":"2019-02-15T10:21:26","slug":"che-cosa-e-la-protonterapia","status":"publish","type":"page","link":"https:\/\/www.protontherapie.fr\/it\/che-cosa-e-la-protonterapia\/","title":{"rendered":"Che cosa \u00e9 la protonterapia ?"},"content":{"rendered":"<div class=\"accordion\" data-accordion=\"\">\n<div data-control=\"\">\n<h3 id=\"presentation-click\">Presentazione generale<\/h3>\n<\/div>\n<div data-content=\"\">\n<article id=\"presentation\" class=\"more default\">\n<p class=\"top\">La protonterapia \u00e8 una tecnica di trattamento dei tumori, esattamente come la chirurgia e la chemioterapia.<br \/>\nIl trattamento con protonterapia corrisponde ad una forma particolare di radioterapia che pu\u00f2 essere utilizzata da sola o in associazione con la chirurgia e la chemioterapia, secondo la tipologia di carcinoma.<br \/>\nIn generale, la radioterapia \u00e8 una tecnica che consiste nel bersagliare il tumore con radiazioni ionizzanti (o \u201craggi\u201d). Il paziente \u00e8 posizionato sotto una macchina che rilascia le radiazioni nel punto desiderato. Nel corso di una seduta di radioterapia, durante l\u2019erogazione dei raggi, il paziente non prova alcun dolore, esattamente come nel corso di un esame radiologico (TAC, IRM, radiografia). I sintomi legati all\u2019irradiazione compaiono solo dopo qualche giorno e sono d\u2019intensit\u00e0 da minima a moderata. Secondo i casi, \u00e8 possibile che l\u2019irradiazione comporti sintomi importanti, comunque sempre prevedibili e la cui guarigione senza postumi pu\u00f2 essere anticipata.<\/p>\n<p class=\"bottom\">In questi ultimi decenni, le tecniche di radioterapia si sono nettamente migliorate, permettendo la guarigione di molte neoplasie a fronte di una costante diminuzione della tossicit\u00e0, ma soprattutto si \u00e8 diffuso l\u2019utilizzo del trattamento con particelle di protoni (si parla allora di protonterapia o adroterapia), invece di particelle di fotoni o di elettroni.<\/p>\n<\/article>\n<\/div>\n<\/div>\n<div class=\"accordion\" data-accordion=\"\">\n<div data-control=\"\">\n<h3 id=\"avantages-click\" style=\"line-height: 25px;\">Vantaggi del trattamento con protonterapia rispetto alle altre tecniche: descrizione del &#8220;picco di Bragg&#8221;<\/h3>\n<\/div>\n<div data-content=\"\">\n<article id=\"avantages\" class=\"more\">\n<p class=\"top\">I fasci di protoni presentano il netto vantaggio rispetto alle altre particelle di rilasciare la dose a livello del tumore, senza irradiare i tessuti al di l\u00e0 della lesione, permettendo di diminuire le tossicit\u00e0 rispetto alle particelle utilizzate di routine:<\/p>\n<figure class=\"text-center\"><img loading=\"lazy\" decoding=\"async\" class=\"alignnone size-full wp-image-230\" src=\"http:\/\/www.protontherapie.fr\/wordpress\/wp-content\/uploads\/2016\/06\/pic-de-bragg.jpg\" alt=\"pic-de-bragg\" width=\"600\" height=\"301\" srcset=\"https:\/\/www.protontherapie.fr\/wp-content\/uploads\/2016\/06\/pic-de-bragg.jpg 600w, https:\/\/www.protontherapie.fr\/wp-content\/uploads\/2016\/06\/pic-de-bragg-300x151.jpg 300w\" sizes=\"auto, (max-width: 600px) 100vw, 600px\" \/><figcaption class=\"text-left bottom\">Lo schema sopra riportato mostra il rilascio dell\u2019energia (irradiazione) secondo il tipo di particella (elettroni, fotoni o protoni). Al di l\u00e0 del rilascio di energia massimo per i protoni, scompare completamente l\u2019irradiazione e, contrariamente agli elettroni ed ai fotoni, il profilo dell\u2019erogazione della dose descrive un picco denominato \u201cpicco di Bragg&#8221;. La dose massima \u00e8 depositata nel tumore. Grazie alle loro propriet\u00e0 fisiche, i protoni non vanno al di l\u00e0 della lesione (in alto a destra), contrariamente alle particelle pi\u00f9 classiche (in basso a destra).<\/figcaption><\/figure>\n<\/article>\n<\/div>\n<\/div>\n<div class=\"accordion\" data-accordion=\"\">\n<div data-control=\"\">\n<h3 id=\"deroulement-click\">Svolgimento del trattamento con protonterapia<\/h3>\n<\/div>\n<div data-content=\"\">\n<article id=\"deroulement\" class=\"more\">\n<p class=\"top\">Consultazione, simulazione della terapia su computer, riunione di concertazione pluridisciplinare<br \/>\nOgni paziente \u00e8 ricevuto in consultazione dall\u2019oncologo radioterapista allo scopo di raccogliere tutte le informazioni cliniche, radiologiche ed istologiche, per presentare in seguito il caso in riunione di concertazione pluridisciplinare (RCP), allo scopo di validare o no l\u2019indicazione di protonterapia.<\/p>\n<p class=\" color-1 italique\"><strong>Il caso potr\u00e0 essere discusso in riunione di concertazione pluridisciplinare prima della consultazione con il radioterapista, allo scopo di accelerare le procedure e se tutti gli elementi del fascicolo lo consentono.Ad esclusione di un\u2019indicazione clinica evidente e prima della consultazione, pu\u00f2 essere realizzata una simulazione della terapia su computer, allo scopo di valutare l\u2019entit\u00e0 del beneficio della terapia protonica rispetto ad una radioterapia convenzionale con fotoni o elettroni. Infatti, \u00e8 possibile che la terapia convenzionale sia idonea e che non sia necessario procedere ad una protonterapia.<\/strong><\/p>\n<div class=\"illustration\">\n<figure><img loading=\"lazy\" decoding=\"async\" class=\"alignnone size-full wp-image-117\" src=\"http:\/\/www.protontherapie.fr\/wordpress\/wp-content\/uploads\/2016\/03\/scan-reperage.jpg\" alt=\"scan-reperage\" width=\"825\" height=\"414\" srcset=\"https:\/\/www.protontherapie.fr\/wp-content\/uploads\/2016\/03\/scan-reperage.jpg 825w, https:\/\/www.protontherapie.fr\/wp-content\/uploads\/2016\/03\/scan-reperage-300x151.jpg 300w, https:\/\/www.protontherapie.fr\/wp-content\/uploads\/2016\/03\/scan-reperage-768x385.jpg 768w\" sizes=\"auto, (max-width: 825px) 100vw, 825px\" \/><figcaption>\u00c8 realizzatauna TAC di centratura allo scopo di raccogliere le immagini su cui saranno disegnate le zone da trattare e quelle da evitare. A volte \u00e8 utilizzata una maschera per immobilizzare le lesioni a livello della testa per trattare sempre il paziente nella stessa posizione. Per gli altri bersagli (a livello del torace o dell\u2019addome, ad esempio), si ricorre a tatuaggi della dimensione di un neo. Grazie a questi punti di riferimento o indicazioni sulla maschera, \u00e8 possibile utilizzare dei laser, che verranno posizionati sui tatuaggi o sulla maschera, per potersi riposizionare correttamente e potersi reperire perfettamente rispetto alla zona da trattare.<\/figcaption><\/figure>\n<\/div>\n<p><span class=\" color-1 underline\">Per i bambini:<\/span><\/p>\n<p>\u00c8 prevista una consultazione con i genitori\/tutori e il bambino presso l\u2019anestesista, nella citt\u00e0 d\u2019origine o a Nizza, se \u00e8 necessaria un\u2019anestesia per tutte le tappe del trattamento. Il giorno della consultazione con l\u2019oncologo radioterapista, la terapia sar\u00e0 presentata al bambino in modo divertente (con disegni, visita della sala di trattamento). Per saperne di pi\u00f9 sul percorso di gestione del bambino, <a href=\"infos-pratiques.php#parcours\">clicca qui.<\/a><\/p>\n<p><span class=\" color-1 underline\">In caso di chemioterapia :<\/span><\/p>\n<p>\u00c8 prevista una consultazione a Nizza e\/o nella citt\u00e0 d\u2019origine per l\u2019avvio della chemioterapia qualora sia indicata nel corso della radioterapia.<\/p>\n<p class=\"color-1 italique\"><strong>TAC di centratura, calcolo del programma terapeutico<br \/>\n<\/strong><\/p>\n<p>In caso di convalida dell\u2019indicazione di protonterapia, il paziente potr\u00e0 effettuare la TAC di centratura nella settimana successiva la consultazione, o lo stesso giorno della consultazione se il fascicolo \u00e8 stato preliminarmente validato in sede di RCP.<\/p>\n<p>Per le lesioni target della testa e del collo, sar\u00e0 applicata una maschera di plastica sul viso che consentir\u00e0 di prenderne l\u2019impronta, come indicato sull\u2019immagine precedente. La maschera indurisce in pochi secondi e conserva la forma del viso, permettendo di trattare il paziente sempre nella stessa posizione. Per le altre lesioni (torace, ventre, bacino, braccia o gambe) si prende l\u2019impronta del corpo su appositi materassini, sempre per garantire il trattamento nella stessa posizione. Saranno inoltre tatuati sulla pelle punti di riferimento, della dimensione di un neo, vicino alla lesione, e a destra e a sinistra della stessa, per poter posizionare sempre il paziente nella stessa posizione della TAC di centratura.<br \/>\nPer alcune situazioni cliniche, sar\u00e0 necessario un imaging di qualit\u00e0 (IRM cerebrale, PET-CT con 18-FDG risalente ad almeno un mese prima, TAC con iniezione di prodotti di contrasto) allo scopo di elaborare il programma terapeutico. Questi esami potranno essere realizzati nella citt\u00e0 d\u2019origine o a Nizza.<br \/>\nI fasci d\u2019irradiazione saranno posizionati su computer e sar\u00e0 simulata la migliore posizione di questi fasci allo scopo di bersagliare al massimo la lesione, evitando il pi\u00f9 possibile i tessuti sani circostanti. Questa simulazione inizier\u00e0 una volta disegnate tutte le lesioni ed i tessuti sani dall\u2019oncologo radioterapista. Il calcolo richiede un intervallo di 7 giorni.<\/p>\n<p class=\"color-1 italique\"><strong>Terapia, alloggio<br \/>\n<\/strong><\/p>\n<p>Come per qualsiasi altra radioterapia, i pazienti sono ricevuti almeno una volta alla settimana da un oncologo radioterapista per discutere degli eventuali effetti collaterali. Saranno anche ricevuti su richiesta in caso di problemi.<\/p>\n<p>I pazienti provenienti da altre regioni possono soggiornare nelle immediate vicinanze dell\u2019unit\u00e0 di protonterapia, presso la Casa di Accoglienza &#8220;La Consolata&#8221;. Si tratta di una struttura di soggiorno detenuta dal Centro Antoine Lacassagne che consente di accogliere i pazienti e le persone che li accompagnano provenienti da tutto il mondo.<br \/>\nIl paziente usufruisce pertanto di una gestione globale e personalizzata durante la quale sono organizzate tutte le tappe del percorso: trasporto, alloggio, organizzazione delle cure, contatto con il medico curante, possibilit\u00e0 d\u2019interpretariato\u2026<br \/>\nLa Consolata si trova sulle colline di Nizza, a pochi minuti dall\u2019Istituto Mediterraneo di Protonterapia, in una cornice tranquilla e riposante, e gode di una vista panoramica sulla Baie des Anges.<\/p>\n<p class=\"color-1 underline\"><a href=\"infos-pratiques.php#hebergement\"><strong>Per saperne di pi\u00f9<br \/>\n<\/strong><\/a><\/p>\n<p>Come per qualsiasi altra radioterapia, i pazienti sono ricevuti almeno una volta alla settimana da un oncologo radioterapista per discutere degli eventuali effetti collaterali. Saranno anche ricevuti su richiesta in caso di problemi.<\/p>\n<p class=\"bottom\">Per i pazienti pediatrici, grazie all\u2019Ospedale Pediatrico di Nizza-CHU Lenval specializzato in chirurgia, il CHU di Nizza-Ospedale l\u2019Archet e il suo Reparto di Oncologia-Ematologia ed il Centro Antoine Lacassagne, Polo nizzardo di radioterapia \u2013 unico istituto della regione in grado di trattare con radioterapia adulti e bambini \u2013 il territorio nizzardo \u00e8 in grado di proporre una gestione globale in rete dei bambini colpiti dal cancro.<\/p>\n<\/article>\n<\/div>\n<\/div>\n<div class=\"accordion\" data-accordion=\"\">\n<div data-control=\"\">\n<h3 id=\"maladie-click\">La protonterapia \u00e8 adatta alla mia patologia?<\/h3>\n<\/div>\n<div data-content=\"\">\n<article id=\"maladie\">\n<p class=\"top\"><span class=\" color-1\">La protonterapia <\/span><br \/>\nprotonterapia non \u00e8 sempre adatta a tutte le situazioni cliniche, poich\u00e9 non \u00e8 sempre necessario ricorrere a questa tecnica molto precisa. Infatti, le tecniche classiche d\u2019irradiazione consentono spesso di trattare i tumori in eccellenti condizioni.<br \/>\nIn alcune situazioni cliniche, tuttavia, il ricorso alla protonterapia consente di diminuire le tossicit\u00e0 dovute all\u2019irradiazione, ma anche le tossicit\u00e0 a lungo termine (disturbi intellettuali, incidenti cerebrovascolari, tumori radioindotti, squilibri ormonali, ecc&#8230;).<br \/>\nLa protonterapia \u00e8 soprattutto utilizzata per diminuire le complicazioni legate alla radioterapia.<br \/>\nI principali carcinomi per i quali \u00e8 indicata tale terapia sono:<\/p>\n<p>&#8211; <a href=\"tumeurs-p\u00e9diatriques.php\">i tumori pediatrici<\/a>,<br \/>\n&#8211; <a href=\"tumeurs-pararachidiennes.php\">i tumori della base cranica (cordomi, condrosarcomi, meningiomi)<\/a>,<br \/>\n&#8211; <a href=\"tumeurs-sinus-base-crane-chordomes-chondrosarcomes.php\">i tumori della cavit\u00e0 nasale,<\/a>,<br \/>\n&#8211; <a href=\"tumeurs-pararachidiennes.php\">i tumori radioresistenti paraspinali o pelvici.<\/a><\/p>\n<p>Per i tumori dell\u2019occhio, <a href=\"tumeurs-oculaires.php\">clicca qui<\/a><\/p>\n<p class=\"bottom\">In funzione del volume e della posizione del tumore:<br \/>\n\u2192 la protonterapia sar\u00e0 evidentemente pi\u00f9 efficace,<br \/>\n\u2192 pu\u00f2 essere sufficiente la radioterapia convenzionale,<br \/>\n\u2192 a volte possono rimanere dei dubbi in merito alla capacit\u00e0 della protonterapia di erogare la dose in modo pi\u00f9 preciso; in questi casi, saranno confrontate le due terapie su computer per stabilire qual \u00e8 la migliore.<\/p>\n<\/article>\n<\/div>\n<\/div>\n<div class=\"accordion\" data-accordion=\"\"><\/div>\n","protected":false},"excerpt":{"rendered":"<p>Presentazione generale La protonterapia \u00e8 una tecnica di trattamento dei tumori, esattamente come la chirurgia e la chemioterapia. Il trattamento con protonterapia corrisponde ad una forma particolare di radioterapia che pu\u00f2 essere utilizzata da sola o in associazione con la chirurgia e la chemioterapia, secondo la tipologia di carcinoma. In generale, la radioterapia \u00e8 una [&hellip;]<\/p>\n","protected":false},"author":1,"featured_media":33,"parent":0,"menu_order":0,"comment_status":"closed","ping_status":"closed","template":"page-cms.php","meta":{"_acf_changed":false,"footnotes":""},"class_list":["post-789","page","type-page","status-publish","has-post-thumbnail","hentry"],"acf":[],"yoast_head":"<!-- This site is optimized with the Yoast SEO plugin v27.3 - https:\/\/yoast.com\/product\/yoast-seo-wordpress\/ -->\n<title>Che cosa \u00e9 la protonterapia ? - INSTITUT M\u00c9DITERRAN\u00c9EN DE PROTONTH\u00c9RAPIE<\/title>\n<meta name=\"robots\" content=\"index, follow, max-snippet:-1, max-image-preview:large, max-video-preview:-1\" \/>\n<link rel=\"canonical\" href=\"https:\/\/www.protontherapie.fr\/qu-est-ce-que-la-protontherapie\/\" \/>\n<meta property=\"og:locale\" content=\"it_IT\" \/>\n<meta property=\"og:type\" content=\"article\" \/>\n<meta property=\"og:title\" content=\"Che cosa \u00e9 la protonterapia ? - INSTITUT M\u00c9DITERRAN\u00c9EN DE PROTONTH\u00c9RAPIE\" \/>\n<meta property=\"og:description\" content=\"Presentazione generale La protonterapia \u00e8 una tecnica di trattamento dei tumori, esattamente come la chirurgia e la chemioterapia. Il trattamento con protonterapia corrisponde ad una forma particolare di radioterapia che pu\u00f2 essere utilizzata da sola o in associazione con la chirurgia e la chemioterapia, secondo la tipologia di carcinoma. In generale, la radioterapia \u00e8 una [&hellip;]\" \/>\n<meta property=\"og:url\" content=\"https:\/\/www.protontherapie.fr\/qu-est-ce-que-la-protontherapie\/\" \/>\n<meta property=\"og:site_name\" content=\"INSTITUT M\u00c9DITERRAN\u00c9EN DE PROTONTH\u00c9RAPIE\" \/>\n<meta property=\"article:modified_time\" content=\"2019-02-15T10:21:26+00:00\" \/>\n<meta property=\"og:image\" content=\"https:\/\/www.protontherapie.fr\/wp-content\/uploads\/2016\/03\/scaner-2.jpg\" \/>\n\t<meta property=\"og:image:width\" content=\"1224\" \/>\n\t<meta property=\"og:image:height\" content=\"365\" \/>\n\t<meta property=\"og:image:type\" content=\"image\/jpeg\" \/>\n<meta name=\"twitter:card\" content=\"summary_large_image\" \/>\n<meta name=\"twitter:label1\" content=\"Tempo di lettura stimato\" \/>\n\t<meta name=\"twitter:data1\" content=\"7 minuti\" \/>\n<script type=\"application\/ld+json\" class=\"yoast-schema-graph\">{\"@context\":\"https:\\\/\\\/schema.org\",\"@graph\":[{\"@type\":\"WebPage\",\"@id\":\"https:\\\/\\\/www.protontherapie.fr\\\/qu-est-ce-que-la-protontherapie\\\/\",\"url\":\"https:\\\/\\\/www.protontherapie.fr\\\/qu-est-ce-que-la-protontherapie\\\/\",\"name\":\"Che cosa \u00e9 la protonterapia ? - INSTITUT M\u00c9DITERRAN\u00c9EN DE PROTONTH\u00c9RAPIE\",\"isPartOf\":{\"@id\":\"https:\\\/\\\/www.protontherapie.fr\\\/#website\"},\"primaryImageOfPage\":{\"@id\":\"https:\\\/\\\/www.protontherapie.fr\\\/qu-est-ce-que-la-protontherapie\\\/#primaryimage\"},\"image\":{\"@id\":\"https:\\\/\\\/www.protontherapie.fr\\\/qu-est-ce-que-la-protontherapie\\\/#primaryimage\"},\"thumbnailUrl\":\"https:\\\/\\\/www.protontherapie.fr\\\/wp-content\\\/uploads\\\/2016\\\/03\\\/scaner-2.jpg\",\"datePublished\":\"2017-04-21T13:57:38+00:00\",\"dateModified\":\"2019-02-15T10:21:26+00:00\",\"breadcrumb\":{\"@id\":\"https:\\\/\\\/www.protontherapie.fr\\\/qu-est-ce-que-la-protontherapie\\\/#breadcrumb\"},\"inLanguage\":\"it-IT\",\"potentialAction\":[{\"@type\":\"ReadAction\",\"target\":[\"https:\\\/\\\/www.protontherapie.fr\\\/qu-est-ce-que-la-protontherapie\\\/\"]}]},{\"@type\":\"ImageObject\",\"inLanguage\":\"it-IT\",\"@id\":\"https:\\\/\\\/www.protontherapie.fr\\\/qu-est-ce-que-la-protontherapie\\\/#primaryimage\",\"url\":\"https:\\\/\\\/www.protontherapie.fr\\\/wp-content\\\/uploads\\\/2016\\\/03\\\/scaner-2.jpg\",\"contentUrl\":\"https:\\\/\\\/www.protontherapie.fr\\\/wp-content\\\/uploads\\\/2016\\\/03\\\/scaner-2.jpg\",\"width\":1224,\"height\":365,\"caption\":\"un autre texte\"},{\"@type\":\"BreadcrumbList\",\"@id\":\"https:\\\/\\\/www.protontherapie.fr\\\/qu-est-ce-que-la-protontherapie\\\/#breadcrumb\",\"itemListElement\":[{\"@type\":\"ListItem\",\"position\":1,\"name\":\"Accueil\",\"item\":\"https:\\\/\\\/www.protontherapie.fr\\\/it\\\/\"},{\"@type\":\"ListItem\",\"position\":2,\"name\":\"Che cosa \u00e9 la protonterapia ?\"}]},{\"@type\":\"WebSite\",\"@id\":\"https:\\\/\\\/www.protontherapie.fr\\\/#website\",\"url\":\"https:\\\/\\\/www.protontherapie.fr\\\/\",\"name\":\"INSTITUT M\u00c9DITERRAN\u00c9EN DE PROTONTH\u00c9RAPIE\",\"description\":\"Un site utilisant WordPress\",\"potentialAction\":[{\"@type\":\"SearchAction\",\"target\":{\"@type\":\"EntryPoint\",\"urlTemplate\":\"https:\\\/\\\/www.protontherapie.fr\\\/?s={search_term_string}\"},\"query-input\":{\"@type\":\"PropertyValueSpecification\",\"valueRequired\":true,\"valueName\":\"search_term_string\"}}],\"inLanguage\":\"it-IT\"}]}<\/script>\n<!-- \/ Yoast SEO plugin. -->","yoast_head_json":{"title":"Che cosa \u00e9 la protonterapia ? - INSTITUT M\u00c9DITERRAN\u00c9EN DE PROTONTH\u00c9RAPIE","robots":{"index":"index","follow":"follow","max-snippet":"max-snippet:-1","max-image-preview":"max-image-preview:large","max-video-preview":"max-video-preview:-1"},"canonical":"https:\/\/www.protontherapie.fr\/qu-est-ce-que-la-protontherapie\/","og_locale":"it_IT","og_type":"article","og_title":"Che cosa \u00e9 la protonterapia ? - INSTITUT M\u00c9DITERRAN\u00c9EN DE PROTONTH\u00c9RAPIE","og_description":"Presentazione generale La protonterapia \u00e8 una tecnica di trattamento dei tumori, esattamente come la chirurgia e la chemioterapia. Il trattamento con protonterapia corrisponde ad una forma particolare di radioterapia che pu\u00f2 essere utilizzata da sola o in associazione con la chirurgia e la chemioterapia, secondo la tipologia di carcinoma. In generale, la radioterapia \u00e8 una [&hellip;]","og_url":"https:\/\/www.protontherapie.fr\/qu-est-ce-que-la-protontherapie\/","og_site_name":"INSTITUT M\u00c9DITERRAN\u00c9EN DE PROTONTH\u00c9RAPIE","article_modified_time":"2019-02-15T10:21:26+00:00","og_image":[{"width":1224,"height":365,"url":"https:\/\/www.protontherapie.fr\/wp-content\/uploads\/2016\/03\/scaner-2.jpg","type":"image\/jpeg"}],"twitter_card":"summary_large_image","twitter_misc":{"Tempo di lettura stimato":"7 minuti"},"schema":{"@context":"https:\/\/schema.org","@graph":[{"@type":"WebPage","@id":"https:\/\/www.protontherapie.fr\/qu-est-ce-que-la-protontherapie\/","url":"https:\/\/www.protontherapie.fr\/qu-est-ce-que-la-protontherapie\/","name":"Che cosa \u00e9 la protonterapia ? - INSTITUT M\u00c9DITERRAN\u00c9EN DE PROTONTH\u00c9RAPIE","isPartOf":{"@id":"https:\/\/www.protontherapie.fr\/#website"},"primaryImageOfPage":{"@id":"https:\/\/www.protontherapie.fr\/qu-est-ce-que-la-protontherapie\/#primaryimage"},"image":{"@id":"https:\/\/www.protontherapie.fr\/qu-est-ce-que-la-protontherapie\/#primaryimage"},"thumbnailUrl":"https:\/\/www.protontherapie.fr\/wp-content\/uploads\/2016\/03\/scaner-2.jpg","datePublished":"2017-04-21T13:57:38+00:00","dateModified":"2019-02-15T10:21:26+00:00","breadcrumb":{"@id":"https:\/\/www.protontherapie.fr\/qu-est-ce-que-la-protontherapie\/#breadcrumb"},"inLanguage":"it-IT","potentialAction":[{"@type":"ReadAction","target":["https:\/\/www.protontherapie.fr\/qu-est-ce-que-la-protontherapie\/"]}]},{"@type":"ImageObject","inLanguage":"it-IT","@id":"https:\/\/www.protontherapie.fr\/qu-est-ce-que-la-protontherapie\/#primaryimage","url":"https:\/\/www.protontherapie.fr\/wp-content\/uploads\/2016\/03\/scaner-2.jpg","contentUrl":"https:\/\/www.protontherapie.fr\/wp-content\/uploads\/2016\/03\/scaner-2.jpg","width":1224,"height":365,"caption":"un autre texte"},{"@type":"BreadcrumbList","@id":"https:\/\/www.protontherapie.fr\/qu-est-ce-que-la-protontherapie\/#breadcrumb","itemListElement":[{"@type":"ListItem","position":1,"name":"Accueil","item":"https:\/\/www.protontherapie.fr\/it\/"},{"@type":"ListItem","position":2,"name":"Che cosa \u00e9 la protonterapia ?"}]},{"@type":"WebSite","@id":"https:\/\/www.protontherapie.fr\/#website","url":"https:\/\/www.protontherapie.fr\/","name":"INSTITUT M\u00c9DITERRAN\u00c9EN DE PROTONTH\u00c9RAPIE","description":"Un site utilisant WordPress","potentialAction":[{"@type":"SearchAction","target":{"@type":"EntryPoint","urlTemplate":"https:\/\/www.protontherapie.fr\/?s={search_term_string}"},"query-input":{"@type":"PropertyValueSpecification","valueRequired":true,"valueName":"search_term_string"}}],"inLanguage":"it-IT"}]}},"_links":{"self":[{"href":"https:\/\/www.protontherapie.fr\/it\/wp-json\/wp\/v2\/pages\/789","targetHints":{"allow":["GET"]}}],"collection":[{"href":"https:\/\/www.protontherapie.fr\/it\/wp-json\/wp\/v2\/pages"}],"about":[{"href":"https:\/\/www.protontherapie.fr\/it\/wp-json\/wp\/v2\/types\/page"}],"author":[{"embeddable":true,"href":"https:\/\/www.protontherapie.fr\/it\/wp-json\/wp\/v2\/users\/1"}],"replies":[{"embeddable":true,"href":"https:\/\/www.protontherapie.fr\/it\/wp-json\/wp\/v2\/comments?post=789"}],"version-history":[{"count":5,"href":"https:\/\/www.protontherapie.fr\/it\/wp-json\/wp\/v2\/pages\/789\/revisions"}],"predecessor-version":[{"id":1115,"href":"https:\/\/www.protontherapie.fr\/it\/wp-json\/wp\/v2\/pages\/789\/revisions\/1115"}],"wp:featuredmedia":[{"embeddable":true,"href":"https:\/\/www.protontherapie.fr\/it\/wp-json\/wp\/v2\/media\/33"}],"wp:attachment":[{"href":"https:\/\/www.protontherapie.fr\/it\/wp-json\/wp\/v2\/media?parent=789"}],"curies":[{"name":"wp","href":"https:\/\/api.w.org\/{rel}","templated":true}]}}