{"id":784,"date":"2017-04-21T13:48:29","date_gmt":"2017-04-21T12:48:29","guid":{"rendered":"http:\/\/www.protontherapie.fr\/it\/?page_id=784"},"modified":"2017-05-05T10:17:41","modified_gmt":"2017-05-05T09:17:41","slug":"presentazione-generale","status":"publish","type":"page","link":"https:\/\/www.protontherapie.fr\/it\/","title":{"rendered":"Presentazione generale"},"content":{"rendered":"","protected":false},"excerpt":{"rendered":"","protected":false},"author":1,"featured_media":0,"parent":0,"menu_order":0,"comment_status":"closed","ping_status":"open","template":"front-page.php","meta":{"_acf_changed":false,"footnotes":""},"class_list":["post-784","page","type-page","status-publish","hentry"],"acf":[],"yoast_head":"<!-- This site is optimized with the Yoast SEO plugin v27.3 - https:\/\/yoast.com\/product\/yoast-seo-wordpress\/ -->\n<title>Presentazione generale - INSTITUT M\u00c9DITERRAN\u00c9EN DE PROTONTH\u00c9RAPIE<\/title>\n<meta name=\"robots\" content=\"index, follow, max-snippet:-1, max-image-preview:large, max-video-preview:-1\" \/>\n<link rel=\"canonical\" href=\"https:\/\/www.protontherapie.fr\/it\/\" \/>\n<meta property=\"og:locale\" content=\"it_IT\" \/>\n<meta property=\"og:type\" content=\"article\" \/>\n<meta property=\"og:title\" content=\"Presentazione generale - INSTITUT M\u00c9DITERRAN\u00c9EN DE PROTONTH\u00c9RAPIE\" \/>\n<meta property=\"og:url\" content=\"https:\/\/www.protontherapie.fr\/it\/\" \/>\n<meta property=\"og:site_name\" content=\"INSTITUT M\u00c9DITERRAN\u00c9EN DE PROTONTH\u00c9RAPIE\" \/>\n<meta property=\"article:modified_time\" content=\"2017-05-05T09:17:41+00:00\" \/>\n<meta name=\"twitter:card\" content=\"summary_large_image\" \/>\n<script type=\"application\/ld+json\" class=\"yoast-schema-graph\">{\"@context\":\"https:\\\/\\\/schema.org\",\"@graph\":[{\"@type\":\"WebPage\",\"@id\":\"https:\\\/\\\/www.protontherapie.fr\\\/it\\\/\",\"url\":\"https:\\\/\\\/www.protontherapie.fr\\\/it\\\/\",\"name\":\"Presentazione generale - INSTITUT M\u00c9DITERRAN\u00c9EN DE PROTONTH\u00c9RAPIE\",\"isPartOf\":{\"@id\":\"https:\\\/\\\/www.protontherapie.fr\\\/#website\"},\"datePublished\":\"2017-04-21T12:48:29+00:00\",\"dateModified\":\"2017-05-05T09:17:41+00:00\",\"breadcrumb\":{\"@id\":\"https:\\\/\\\/www.protontherapie.fr\\\/it\\\/#breadcrumb\"},\"inLanguage\":\"it-IT\",\"potentialAction\":[{\"@type\":\"ReadAction\",\"target\":[\"https:\\\/\\\/www.protontherapie.fr\\\/it\\\/\"]}]},{\"@type\":\"BreadcrumbList\",\"@id\":\"https:\\\/\\\/www.protontherapie.fr\\\/it\\\/#breadcrumb\",\"itemListElement\":[{\"@type\":\"ListItem\",\"position\":1,\"name\":\"Accueil\",\"item\":\"https:\\\/\\\/www.protontherapie.fr\\\/it\\\/\"},{\"@type\":\"ListItem\",\"position\":2,\"name\":\"Presentazione generale\"}]},{\"@type\":\"WebSite\",\"@id\":\"https:\\\/\\\/www.protontherapie.fr\\\/#website\",\"url\":\"https:\\\/\\\/www.protontherapie.fr\\\/\",\"name\":\"INSTITUT M\u00c9DITERRAN\u00c9EN DE PROTONTH\u00c9RAPIE\",\"description\":\"Un site utilisant WordPress\",\"potentialAction\":[{\"@type\":\"SearchAction\",\"target\":{\"@type\":\"EntryPoint\",\"urlTemplate\":\"https:\\\/\\\/www.protontherapie.fr\\\/?s={search_term_string}\"},\"query-input\":{\"@type\":\"PropertyValueSpecification\",\"valueRequired\":true,\"valueName\":\"search_term_string\"}}],\"inLanguage\":\"it-IT\"}]}<\/script>\n<!-- \/ Yoast SEO plugin. -->","yoast_head_json":{"title":"Presentazione generale - INSTITUT M\u00c9DITERRAN\u00c9EN DE PROTONTH\u00c9RAPIE","robots":{"index":"index","follow":"follow","max-snippet":"max-snippet:-1","max-image-preview":"max-image-preview:large","max-video-preview":"max-video-preview:-1"},"canonical":"https:\/\/www.protontherapie.fr\/it\/","og_locale":"it_IT","og_type":"article","og_title":"Presentazione generale - INSTITUT M\u00c9DITERRAN\u00c9EN DE PROTONTH\u00c9RAPIE","og_url":"https:\/\/www.protontherapie.fr\/it\/","og_site_name":"INSTITUT M\u00c9DITERRAN\u00c9EN DE PROTONTH\u00c9RAPIE","article_modified_time":"2017-05-05T09:17:41+00:00","twitter_card":"summary_large_image","schema":{"@context":"https:\/\/schema.org","@graph":[{"@type":"WebPage","@id":"https:\/\/www.protontherapie.fr\/it\/","url":"https:\/\/www.protontherapie.fr\/it\/","name":"Presentazione generale - INSTITUT M\u00c9DITERRAN\u00c9EN DE PROTONTH\u00c9RAPIE","isPartOf":{"@id":"https:\/\/www.protontherapie.fr\/#website"},"datePublished":"2017-04-21T12:48:29+00:00","dateModified":"2017-05-05T09:17:41+00:00","breadcrumb":{"@id":"https:\/\/www.protontherapie.fr\/it\/#breadcrumb"},"inLanguage":"it-IT","potentialAction":[{"@type":"ReadAction","target":["https:\/\/www.protontherapie.fr\/it\/"]}]},{"@type":"BreadcrumbList","@id":"https:\/\/www.protontherapie.fr\/it\/#breadcrumb","itemListElement":[{"@type":"ListItem","position":1,"name":"Accueil","item":"https:\/\/www.protontherapie.fr\/it\/"},{"@type":"ListItem","position":2,"name":"Presentazione generale"}]},{"@type":"WebSite","@id":"https:\/\/www.protontherapie.fr\/#website","url":"https:\/\/www.protontherapie.fr\/","name":"INSTITUT M\u00c9DITERRAN\u00c9EN DE PROTONTH\u00c9RAPIE","description":"Un site utilisant WordPress","potentialAction":[{"@type":"SearchAction","target":{"@type":"EntryPoint","urlTemplate":"https:\/\/www.protontherapie.fr\/?s={search_term_string}"},"query-input":{"@type":"PropertyValueSpecification","valueRequired":true,"valueName":"search_term_string"}}],"inLanguage":"it-IT"}]}},"_links":{"self":[{"href":"https:\/\/www.protontherapie.fr\/it\/wp-json\/wp\/v2\/pages\/784","targetHints":{"allow":["GET"]}}],"collection":[{"href":"https:\/\/www.protontherapie.fr\/it\/wp-json\/wp\/v2\/pages"}],"about":[{"href":"https:\/\/www.protontherapie.fr\/it\/wp-json\/wp\/v2\/types\/page"}],"author":[{"embeddable":true,"href":"https:\/\/www.protontherapie.fr\/it\/wp-json\/wp\/v2\/users\/1"}],"replies":[{"embeddable":true,"href":"https:\/\/www.protontherapie.fr\/it\/wp-json\/wp\/v2\/comments?post=784"}],"version-history":[{"count":4,"href":"https:\/\/www.protontherapie.fr\/it\/wp-json\/wp\/v2\/pages\/784\/revisions"}],"predecessor-version":[{"id":854,"href":"https:\/\/www.protontherapie.fr\/it\/wp-json\/wp\/v2\/pages\/784\/revisions\/854"}],"wp:attachment":[{"href":"https:\/\/www.protontherapie.fr\/it\/wp-json\/wp\/v2\/media?parent=784"}],"curies":[{"name":"wp","href":"https:\/\/api.w.org\/{rel}","templated":true}]}}