{"id":713,"date":"2017-04-07T08:51:28","date_gmt":"2017-04-07T07:51:28","guid":{"rendered":"http:\/\/www.protontherapie.fr\/en\/?page_id=713"},"modified":"2017-04-07T08:51:28","modified_gmt":"2017-04-07T07:51:28","slug":"legal-notice","status":"publish","type":"page","link":"https:\/\/www.protontherapie.fr\/en\/legal-notice\/","title":{"rendered":"Legal Notice"},"content":{"rendered":"<p>________________________________________<br \/>\nCentre for the fight against cancer Member of Group UNICANCER, Health institution defined by the L6162-1 and following of the Code of Public Health.<br \/>\n________________________________________<br \/>\nWebsite editor<\/p>\n<p>Centre Antoine Lacassagne<br \/>\n33 Avenue Valombrose<br \/>\n06189 Nice Cedex 2<br \/>\nTel 04 92 03 10 00<br \/>\nFax 04 92 03 10 10<br \/>\ncommunication@nice.unicancer.fr<br \/>\n________________________________________<br \/>\nWebsite Hosting<\/p>\n<p>OVH<br \/>\n________________________________________<br \/>\nProduction<\/p>\n<p>Software Design: SARL VcomK<br \/>\nDesign: SARL VcomK<br \/>\n________________________________________<br \/>\nPublication Director<\/p>\n<p>Prof. Joel Guigay, CEO of the Antoine-Lacassagne Centre<br \/>\nEditorial Manager<\/p>\n<p>Isabelle Augier, Communications Director<\/p>\n<p>Editors<br \/>\nIsabelle Augier,<br \/>\nCommunications Director<br \/>\nMalik Albert,<br \/>\nDr. Pierre-Yves Bondiau,<br \/>\nDr. Jerome Dean,<br \/>\nProfessor Jean-Michel Hannoun-Levi,<br \/>\nRichard Trimaud,<br \/>\nIsabelle Augier,<br \/>\nElisa Fountain,<br \/>\nNadia Trabelsi,<br \/>\nMs. Camille Dao.<br \/>\n________________________________________<br \/>\nAimed target<\/p>\n<p>\u2022 General public<br \/>\n\u2022 Health professional<br \/>\n\u2022 Institutional Staff<\/p>\n<p>________________________________________<br \/>\nWebsite Financing<\/p>\n<p>The website is funded entirely by the Antoine Lacassagne Centre.<br \/>\nThe site does not accept advertising<br \/>\n________________________________________<br \/>\nUse of information<\/p>\n<p>The information on the website is intended to complement and encourage relationships between patient and doctor, not replace them. The medical and scientific information contained herein do not constitute in any way a diagnostic or therapeutic indication, that only the physician can determine, after reviewing your case, during a consultation.<br \/>\nThe Antoine Lacassagne Centre reminds that the contents of its website may contain errors or omissions, and is subject to change or be updated. The information provided will only be indicative and do not engage the responsibility of Antoine-Lacassagne Centre.<br \/>\n________________________________________<br \/>\nLinks to external sites<\/p>\n<p>CAL website contains links to websites operated by third parties. These links are provided for informational purpose only. The CAL is not the publisher of these sites, responsibility cannot be engaged by the content of those sites.<\/p>\n","protected":false},"excerpt":{"rendered":"<p>________________________________________ Centre for the fight against cancer Member of Group UNICANCER, Health institution defined by the L6162-1 and following of the Code of Public Health. ________________________________________ Website editor Centre Antoine Lacassagne 33 Avenue Valombrose 06189 Nice Cedex 2 Tel 04 92 03 10 00 Fax 04 92 03 10 10 communication@nice.unicancer.fr ________________________________________ Website Hosting OVH [&hellip;]<\/p>\n","protected":false},"author":1,"featured_media":0,"parent":0,"menu_order":0,"comment_status":"closed","ping_status":"closed","template":"page-cms.php","meta":{"_acf_changed":false,"footnotes":""},"class_list":["post-713","page","type-page","status-publish","hentry"],"acf":[],"yoast_head":"<!-- This site is optimized with the Yoast SEO plugin v27.3 - https:\/\/yoast.com\/product\/yoast-seo-wordpress\/ -->\n<title>Legal Notice - INSTITUT M\u00c9DITERRAN\u00c9EN DE PROTONTH\u00c9RAPIE<\/title>\n<meta name=\"robots\" content=\"index, follow, max-snippet:-1, max-image-preview:large, max-video-preview:-1\" \/>\n<link rel=\"canonical\" href=\"https:\/\/www.protontherapie.fr\/mentions-legales\/\" \/>\n<meta property=\"og:locale\" content=\"en_US\" \/>\n<meta property=\"og:type\" content=\"article\" \/>\n<meta property=\"og:title\" content=\"Legal Notice - INSTITUT M\u00c9DITERRAN\u00c9EN DE PROTONTH\u00c9RAPIE\" \/>\n<meta property=\"og:description\" content=\"________________________________________ Centre for the fight against cancer Member of Group UNICANCER, Health institution defined by the L6162-1 and following of the Code of Public Health. ________________________________________ Website editor Centre Antoine Lacassagne 33 Avenue Valombrose 06189 Nice Cedex 2 Tel 04 92 03 10 00 Fax 04 92 03 10 10 communication@nice.unicancer.fr ________________________________________ Website Hosting OVH [&hellip;]\" \/>\n<meta property=\"og:url\" content=\"https:\/\/www.protontherapie.fr\/mentions-legales\/\" \/>\n<meta property=\"og:site_name\" content=\"INSTITUT M\u00c9DITERRAN\u00c9EN DE PROTONTH\u00c9RAPIE\" \/>\n<meta name=\"twitter:card\" content=\"summary_large_image\" \/>\n<meta name=\"twitter:label1\" content=\"Est. reading time\" \/>\n\t<meta name=\"twitter:data1\" content=\"1 minute\" \/>\n<script type=\"application\/ld+json\" class=\"yoast-schema-graph\">{\"@context\":\"https:\\\/\\\/schema.org\",\"@graph\":[{\"@type\":\"WebPage\",\"@id\":\"https:\\\/\\\/www.protontherapie.fr\\\/mentions-legales\\\/\",\"url\":\"https:\\\/\\\/www.protontherapie.fr\\\/mentions-legales\\\/\",\"name\":\"Legal Notice - INSTITUT M\u00c9DITERRAN\u00c9EN DE PROTONTH\u00c9RAPIE\",\"isPartOf\":{\"@id\":\"https:\\\/\\\/www.protontherapie.fr\\\/#website\"},\"datePublished\":\"2017-04-07T07:51:28+00:00\",\"breadcrumb\":{\"@id\":\"https:\\\/\\\/www.protontherapie.fr\\\/mentions-legales\\\/#breadcrumb\"},\"inLanguage\":\"en-US\",\"potentialAction\":[{\"@type\":\"ReadAction\",\"target\":[\"https:\\\/\\\/www.protontherapie.fr\\\/mentions-legales\\\/\"]}]},{\"@type\":\"BreadcrumbList\",\"@id\":\"https:\\\/\\\/www.protontherapie.fr\\\/mentions-legales\\\/#breadcrumb\",\"itemListElement\":[{\"@type\":\"ListItem\",\"position\":1,\"name\":\"Accueil\",\"item\":\"https:\\\/\\\/www.protontherapie.fr\\\/en\\\/\"},{\"@type\":\"ListItem\",\"position\":2,\"name\":\"Legal Notice\"}]},{\"@type\":\"WebSite\",\"@id\":\"https:\\\/\\\/www.protontherapie.fr\\\/#website\",\"url\":\"https:\\\/\\\/www.protontherapie.fr\\\/\",\"name\":\"INSTITUT M\u00c9DITERRAN\u00c9EN DE PROTONTH\u00c9RAPIE\",\"description\":\"Un site utilisant WordPress\",\"potentialAction\":[{\"@type\":\"SearchAction\",\"target\":{\"@type\":\"EntryPoint\",\"urlTemplate\":\"https:\\\/\\\/www.protontherapie.fr\\\/?s={search_term_string}\"},\"query-input\":{\"@type\":\"PropertyValueSpecification\",\"valueRequired\":true,\"valueName\":\"search_term_string\"}}],\"inLanguage\":\"en-US\"}]}<\/script>\n<!-- \/ Yoast SEO plugin. -->","yoast_head_json":{"title":"Legal Notice - INSTITUT M\u00c9DITERRAN\u00c9EN DE PROTONTH\u00c9RAPIE","robots":{"index":"index","follow":"follow","max-snippet":"max-snippet:-1","max-image-preview":"max-image-preview:large","max-video-preview":"max-video-preview:-1"},"canonical":"https:\/\/www.protontherapie.fr\/mentions-legales\/","og_locale":"en_US","og_type":"article","og_title":"Legal Notice - INSTITUT M\u00c9DITERRAN\u00c9EN DE PROTONTH\u00c9RAPIE","og_description":"________________________________________ Centre for the fight against cancer Member of Group UNICANCER, Health institution defined by the L6162-1 and following of the Code of Public Health. ________________________________________ Website editor Centre Antoine Lacassagne 33 Avenue Valombrose 06189 Nice Cedex 2 Tel 04 92 03 10 00 Fax 04 92 03 10 10 communication@nice.unicancer.fr ________________________________________ Website Hosting OVH [&hellip;]","og_url":"https:\/\/www.protontherapie.fr\/mentions-legales\/","og_site_name":"INSTITUT M\u00c9DITERRAN\u00c9EN DE PROTONTH\u00c9RAPIE","twitter_card":"summary_large_image","twitter_misc":{"Est. reading time":"1 minute"},"schema":{"@context":"https:\/\/schema.org","@graph":[{"@type":"WebPage","@id":"https:\/\/www.protontherapie.fr\/mentions-legales\/","url":"https:\/\/www.protontherapie.fr\/mentions-legales\/","name":"Legal Notice - INSTITUT M\u00c9DITERRAN\u00c9EN DE PROTONTH\u00c9RAPIE","isPartOf":{"@id":"https:\/\/www.protontherapie.fr\/#website"},"datePublished":"2017-04-07T07:51:28+00:00","breadcrumb":{"@id":"https:\/\/www.protontherapie.fr\/mentions-legales\/#breadcrumb"},"inLanguage":"en-US","potentialAction":[{"@type":"ReadAction","target":["https:\/\/www.protontherapie.fr\/mentions-legales\/"]}]},{"@type":"BreadcrumbList","@id":"https:\/\/www.protontherapie.fr\/mentions-legales\/#breadcrumb","itemListElement":[{"@type":"ListItem","position":1,"name":"Accueil","item":"https:\/\/www.protontherapie.fr\/en\/"},{"@type":"ListItem","position":2,"name":"Legal Notice"}]},{"@type":"WebSite","@id":"https:\/\/www.protontherapie.fr\/#website","url":"https:\/\/www.protontherapie.fr\/","name":"INSTITUT M\u00c9DITERRAN\u00c9EN DE PROTONTH\u00c9RAPIE","description":"Un site utilisant WordPress","potentialAction":[{"@type":"SearchAction","target":{"@type":"EntryPoint","urlTemplate":"https:\/\/www.protontherapie.fr\/?s={search_term_string}"},"query-input":{"@type":"PropertyValueSpecification","valueRequired":true,"valueName":"search_term_string"}}],"inLanguage":"en-US"}]}},"_links":{"self":[{"href":"https:\/\/www.protontherapie.fr\/en\/wp-json\/wp\/v2\/pages\/713","targetHints":{"allow":["GET"]}}],"collection":[{"href":"https:\/\/www.protontherapie.fr\/en\/wp-json\/wp\/v2\/pages"}],"about":[{"href":"https:\/\/www.protontherapie.fr\/en\/wp-json\/wp\/v2\/types\/page"}],"author":[{"embeddable":true,"href":"https:\/\/www.protontherapie.fr\/en\/wp-json\/wp\/v2\/users\/1"}],"replies":[{"embeddable":true,"href":"https:\/\/www.protontherapie.fr\/en\/wp-json\/wp\/v2\/comments?post=713"}],"version-history":[{"count":1,"href":"https:\/\/www.protontherapie.fr\/en\/wp-json\/wp\/v2\/pages\/713\/revisions"}],"predecessor-version":[{"id":714,"href":"https:\/\/www.protontherapie.fr\/en\/wp-json\/wp\/v2\/pages\/713\/revisions\/714"}],"wp:attachment":[{"href":"https:\/\/www.protontherapie.fr\/en\/wp-json\/wp\/v2\/media?parent=713"}],"curies":[{"name":"wp","href":"https:\/\/api.w.org\/{rel}","templated":true}]}}