{"id":703,"date":"2017-04-06T17:08:03","date_gmt":"2017-04-06T16:08:03","guid":{"rendered":"http:\/\/www.protontherapie.fr\/en\/?page_id=703"},"modified":"2017-04-07T09:03:16","modified_gmt":"2017-04-07T08:03:16","slug":"useful-info","status":"publish","type":"page","link":"https:\/\/www.protontherapie.fr\/en\/useful-info\/","title":{"rendered":"Useful info"},"content":{"rendered":"<div class=\"accordion\" data-accordion>\n<div data-control>\n<h3 id=\"parcours-click\">Course of pediatric patients<br \/>\n<\/h3>\n<\/div>\n<div data-content>\n<article id=\"parcours\" class=\"more\" style=\"display: block;\">\n<p class=\" color-1 underline\">Collaborative multidisciplinary meetings :<\/p>\n<p>All treatment decisions for a child must be made in a regional Collaborative Multidisciplinary Meeting to define collegially the best therapeutic strategy for the child and the indication of radiotherapy. If the child does not reside in France, he will still have at least one consultation with a French pediatric oncologist so that his record can be discussed in a National Collaborative Radiotherapy Meeting.\n<\/p>\n<p><span class=\" color-1 underline\">Treatment decision:<br \/>\n<\/span><\/p>\n<p>After validation of indication of radiotherapy in the Regional Collaborative Multidisciplinary Meeting, the case is presented at the National  Collaborative Radiotherapy Meeting to validate the indication of protontherapy. This National meeting is held once a week on Tuesdays our Thursdays. It is asked to the referring physician to transmit the images at the Mediterranean Institute of Protontherapy so that the radiation oncologist can arrange the first consultation, evaluate anesthesia needs and if needed organize an anesthesia consultation.\n<\/p>\n<p><span class=\" color-1 underline\">First consultation:<br \/>\n<\/span><\/p>\n<p>The first consultation takes place once the indication of proton validated in the National meeting. The radiation therapist meets the child and his legal representatives in consultation in the presence, if necessary, of a pediatric oncologist if the child requires a concomitant hospitalization in pediatric oncology, and a pediatric anesthesiologist.\n<\/p>\n<p><span class=\" color-1 underline\">Simulation CT:<br \/>\n<\/span><\/p>\n<p>This CT is intended to define the positioning of the child during the whole treatment (contention) and can virtually reconstruct its body in 3D to further delineate the areas to treat and which to protect. If the child does not require anesthesia, simulation CT and dosimetry are preferably the same day as the first consultation. If anesthesia, scanner and dosimetry are organized at the earliest the next day.\n<\/p>\n<p><span class=\" color-1 underline\">Dosimetry:<br \/>\n<\/span><\/p>\n<p>This step does not require the presence of the patient. The radiation oncologists delineate volumes to treat and the doses limits to deliver to the treated zone and to the adjacent healthy organs. Treatment planning then determines the position of the irradiation beams and the optimization of the irradiation. Virtual 3D simulation is performed.<br \/>\nThe definitive treatment plan that establishes the dose and mode of delivery is jointly validated by the radiation oncologist and medical physicist.\n<\/p>\n<p><span class=\" color-1 underline\">Accommodation:<br \/>\n<\/span><\/p>\n<p>As part of the implementation of outpatient treatment, the family and the child can be accommodated in the accommodation structure of the Centre Antoine Lacassagne &#8220;Consolata&#8221; or any other place of his choice. If it is desired accommodation at the Consolata, it is strongly recommended to specify at the first consultation with the medical assistant. For more information on accommodation,  <a href=\"http:\/\/www.protontherapie.fr\/wordpress\/infos-pratiques\/\"> click here<\/a><\/p>\n<p><\/p>\n<figure><img loading=\"lazy\" decoding=\"async\" src=\"http:\/\/www.protontherapie.fr\/wordpress\/wp-content\/uploads\/2016\/03\/logigrammes-1.jpg\" alt=\"logigrammes-1\" width=\"700\" height=\"974\" class=\"alignnone size-full wp-image-60\" srcset=\"https:\/\/www.protontherapie.fr\/wp-content\/uploads\/2016\/03\/logigrammes-1.jpg 700w, https:\/\/www.protontherapie.fr\/wp-content\/uploads\/2016\/03\/logigrammes-1-216x300.jpg 216w\" sizes=\"auto, (max-width: 700px) 100vw, 700px\" \/><\/figure>\n<\/article>\n<\/div>\n<\/div>\n<div class=\"accordion\" data-accordion>\n<div data-control>\n<h3 id=\"parcours_adulte-click\">Course of Adult Patients<\/h3>\n<\/div>\n<div data-content>\n<article id=\"parcours_adulte\" class=\"more\">\n<p><span class=\" color-1 underline\">Collaborative multidisciplinary meetings<br \/>\n<\/span><\/p>\n<p>\nAll treatment decisions must be made in a regional Collaborative Multidisciplinary Meeting to define collegially the best therapeutic strategy and the indication of radiotherapy. If you do not reside in France, If you do not live in France, you will still have at least one consultation with a French oncology radiation therapist so that your case can be discussed in the regional collaborative multidisciplinary meeting.<\/p>\n<p>\n<span class=\" color-1 underline\">Treatment decision:<br \/>\n<\/span><\/p>\n<p>\nAfter the validation of the indication of radiotherapy by the regional multidisciplinary meeting, the case is presented in the national collaborative radiotherapy meeting to validate the indication of protontherapy; this national meeting takes place once a week either on Tuesdays or Thursdays. It is asked to the referring physician to address the images to the Mediterranean Institute of Protontherapy so that the radiation oncologist can organize the first consultation, evaluate the needs of anesthesia and if needed organize a consultation with an anesthesiologist.<\/p>\n<p>\n<span class=\" color-1 underline\">First consultation:<br \/>\n <\/span><\/p>\n<p>\nThe first consultation takes place once the indication of proton is validated in the national collaborative radiotherapy meeting.\n<\/p>\n<p>\n<span class=\" color-1 underline\">Simulation CT<br \/>\n<\/span><\/p>\n<p>\nThis scanner is intended to define your position throughout treatment (compression) and can virtually reconstruct your 3D body to further delineate the areas to treat and which to protect.\n<\/p>\n<p>\n<span class=\" color-1 underline\">Dosimetry:<br \/>\n<\/span><\/p>\n<p>\nThis step does not require your presence. The radiation oncologists delineate volumes to treat and the doses limites to deliver to the treated zone and to the adjacent healthy organs. Treatment planning then determines the position of the irradiation beams and the optimization of the irradiation. Virtual 3D simulation is performed.<br \/>\nThe definitive treatment plan that establishes the dose and mode of delivery is jointly validated by the radiation oncologist and medical physicist.\n<\/p>\n<p>\n<span class=\" color-1 underline\">Paperwork :<\/span><\/p>\n<p>\nTreatment with proton therapy is reimbursed at 100% within the ALD. For admission, you are asked to come with his social security card, insurance card and ID. In some cases, pre-admission will be done, you will be asked to send these documents by fax or email. If you are not residing on French territory, you are asked to contact the Mediterranean Institute of Proton Therapy at this number: 04 92 03 10 80 or by <a href=\"mailto:protontherapie@nice.unicancer.fr\">mail<\/a>\n<\/p>\n<p>\n<span class=\" color-1 underline\">Accommodation:<\/span><\/p>\n<p>\nAs part of the implementation of outpatient treatment, the patient can be accommodated in the accommodation structure of the Centre Antoine Lacassagne &#8220;Consolata&#8221; or any other place of his choice. If it is desired accommodation at the Consolata, it is strongly recommended to specify at the first consultation with the medical assistant. For more information on accommodation,\n<\/p>\n<p>\n<span class=\" color-1 underline\">Starting the treatment<br \/>\n:<\/span><\/p>\n<p>\nA protontherapy requires several sessions: one session per day, 5 sessions \/ week for several weeks. There is no session on weekends and holidays.\n<\/p>\n<figure>\n<img loading=\"lazy\" decoding=\"async\" src=\"http:\/\/www.protontherapie.fr\/wordpress\/wp-content\/uploads\/2016\/03\/logigrammes-2.jpg\" alt=\"logigrammes-2\" width=\"700\" height=\"974\" class=\"alignnone size-full wp-image-68\" srcset=\"https:\/\/www.protontherapie.fr\/wp-content\/uploads\/2016\/03\/logigrammes-2.jpg 700w, https:\/\/www.protontherapie.fr\/wp-content\/uploads\/2016\/03\/logigrammes-2-216x300.jpg 216w\" sizes=\"auto, (max-width: 700px) 100vw, 700px\" \/><br \/>\n<\/figure>\n<\/article>\n<\/div>\n<\/div>\n<div class=\"accordion\" data-accordion>\n<div data-control>\n<h3 id=\"institut-click\">\fHow to come to the Mediterranean Institute of Protontherapy<br \/>\n<\/h3>\n<\/div>\n<div data-content>\n<article id=\"institut\" class=\"more \" style=\"display: block;\">\n<p class=\"color-1 italique top\">\n<span><br \/>\nLocated at 227 Avenue de la Lanterne &#8211; Nice 06200, the West site houses the Mediterranean Institute of proton therapy (Cyclotron Medicyc and Proteus\u00aeOne) and the CyberKnife.<br \/>\n<\/span><\/p>\n<p>\n<span class=\" color-1 underline\">Access map :<br \/>\n<\/span><\/p>\n<p>\n\t<iframe loading=\"lazy\" src=\"https:\/\/www.google.com\/maps\/embed?pb=!1m18!1m12!1m3!1d2885.125777824464!2d7.20959895115918!3d43.687148458150254!2m3!1f0!2f0!3f0!3m2!1i1024!2i768!4f13.1!3m3!1m2!1s0x12cdd1affa7383c5%3A0x9f4db606924db2c1!2s227+Avenue+de+la+Lanterne%2C+06200+Nice!5e0!3m2!1sfr!2sfr!4v1459512266298\" height=\"394\" width=\"100%\" frameborder=\"0\" style=\"border:0\" allowfullscreen=\"\"><\/iframe><\/p>\n<p>\n<span class=\" color-1 \">Car Parking :<\/p>\n<p>Free parking on site.\n<\/p>\n<p>\n<span class=\" color-1 \">By public transportation :<br \/>\n<\/span><\/p>\n<p class=\"bottom\">\nLigne D\u2019azur Buses<br \/>\nr<br \/>\nLine 60 : Carras \/ Fremont \u2013 Croix de Berra. Stop \u201cEcole de Fabron<br \/>\n<span class=\" color-1 \">Be careful as the schedule of this bus is scarce<br \/>\n<\/span><\/p>\n<\/article>\n<\/div>\n<\/div>\n<div class=\"accordion\" data-accordion>\n<div data-control>\n<h3 id=\"hebergement-click\">Accommodation<br \/>\n<\/h3>\n<\/div>\n<div data-content>\n<article id=\"hebergement\" class=\"more\" style=\"display: block;\">\n<p class=\" color-1 top\">\n\u201cLa Consolata\u201d aims to welcome and accommodate patients whose condition does not require medical or paramedical surveillance. It is open to all and welcomes all nationalities, all social security plans and income levels.<\/p>\n<p>\nTo benefit from the services of the Consolata housing structure, it is necessary, depending on availability, to request and be programmed for treatment, examination or consultation at the Antoine Lacassagne Centre.\n<\/p>\n<p class=\"bottom\">\nYou can come accompanied by a person to the extent of availability and subject to the rules of the accommodation costs &#8211; to be confirmed when booking.\n<\/p>\n<h4 class=\"color-2 italique\">Booking<br \/>\n<\/h4>\n<p>\nThe medical program programmed by your physician does not automatically provide accommodation at the Consolata housing structure.<br \/>\n<br \/>\nYou have to make the reservation yourselves as soon as possible :\n<\/p>\n<p>\n&nbsp;&nbsp;&nbsp;&nbsp;&#8211; s- Either by phone at +33 (0) 4 93 83 78 12<br \/>\n  <br \/>\n&nbsp;&nbsp;&nbsp;&nbsp; \u00a0\u00a0\u00a0\u00a0\u00a0Monday to Friday from 8:00 to 17:00<br \/>\n <br \/>\n&nbsp;&nbsp;&nbsp;&nbsp; \u00a0\u00a0\u00a0\u00a0\u00a0Saturday from 8:30 to 11:30<br \/>\n<br \/>\n&nbsp;&nbsp;&nbsp;&nbsp; \u00a0\u00a0\u00a0\u00a0\u00a0Sunday 14:00 to 18:00<br \/>\n<br \/>\n&nbsp;&nbsp;&nbsp;&nbsp;-By mail: consolata@nice.unicancer.fr<\/a>\n<\/p>\n<p class=\"bottom\">\nAn estimate will be established and a confirmation will be sent in writing as soon as possible with all of your treatment appointments. You may be asked an advance on hospitality expenses.<\/p>\n<h4 class=\"color-2 italique\">Administrative paperwork<br \/>\n<\/h4>\n<p class=\"bottom\">\n<br \/>Upon arrival, you will be asked to provide proof of identity and an address of a person to contact in case of emergency, especially if you stay alone at the Consolata. If a person is accompanying you, she will also need to present an ID and fill out an information sheet.<\/p>\n<h4 class=\"color-2 italique\">Your stay<br \/>\n<\/h4>\n<p>\nAdmissions are on Sundays between 14:00 and 17:00 &#8211; except for patients necessitating to arrive on Wednesday for medical reasons. We thank you for respecting these times to facilitate the life of the housing structure. Copies of transportation accommodations (plane or train) or the elements necessary to ensure you arrive at the proper time will need to be communicated prior at least 5 days before arrival.<\/p>\n<p>\n The length of stay is about 14 days for ocular tumors (low-energy proton) and a month \/ month and a half for other tumors (high-energy proton). However, some conditions may require different treatment and stay durations. It is rare but possible for practical reasons that the week of preparation might be separated from the rest of treatment and that two separate stays are necessary.<\/p>\n<div class=\"img-hebergement\">\n<img loading=\"lazy\" decoding=\"async\" src=\"http:\/\/www.protontherapie.fr\/wordpress\/wp-content\/uploads\/2016\/03\/hebergement_1.jpg\" alt=\"hebergement_1\" width=\"350\" height=\"232\" class=\"alignnone size-full wp-image-262\" srcset=\"https:\/\/www.protontherapie.fr\/wp-content\/uploads\/2016\/03\/hebergement_1.jpg 350w, https:\/\/www.protontherapie.fr\/wp-content\/uploads\/2016\/03\/hebergement_1-300x199.jpg 300w\" sizes=\"auto, (max-width: 350px) 100vw, 350px\" \/><img loading=\"lazy\" decoding=\"async\" src=\"http:\/\/www.protontherapie.fr\/wordpress\/wp-content\/uploads\/2016\/03\/hebergement_2.jpg\" alt=\"hebergement_2\" width=\"350\" height=\"232\" class=\"alignnone size-full wp-image-263\" srcset=\"https:\/\/www.protontherapie.fr\/wp-content\/uploads\/2016\/03\/hebergement_2.jpg 350w, https:\/\/www.protontherapie.fr\/wp-content\/uploads\/2016\/03\/hebergement_2-300x199.jpg 300w\" sizes=\"auto, (max-width: 350px) 100vw, 350px\" \/><img loading=\"lazy\" decoding=\"async\" src=\"http:\/\/www.protontherapie.fr\/wordpress\/wp-content\/uploads\/2016\/03\/hebergement_3.jpg\" alt=\"hebergement_3\" width=\"350\" height=\"232\" class=\"alignnone size-full wp-image-264\" srcset=\"https:\/\/www.protontherapie.fr\/wp-content\/uploads\/2016\/03\/hebergement_3.jpg 350w, https:\/\/www.protontherapie.fr\/wp-content\/uploads\/2016\/03\/hebergement_3-300x199.jpg 300w\" sizes=\"auto, (max-width: 350px) 100vw, 350px\" \/><img loading=\"lazy\" decoding=\"async\" src=\"http:\/\/www.protontherapie.fr\/wordpress\/wp-content\/uploads\/2016\/03\/hebergement_4.jpg\" alt=\"hebergement_4\" width=\"350\" height=\"232\" class=\"alignnone size-full wp-image-265\" srcset=\"https:\/\/www.protontherapie.fr\/wp-content\/uploads\/2016\/03\/hebergement_4.jpg 350w, https:\/\/www.protontherapie.fr\/wp-content\/uploads\/2016\/03\/hebergement_4-300x199.jpg 300w\" sizes=\"auto, (max-width: 350px) 100vw, 350px\" \/><img loading=\"lazy\" decoding=\"async\" src=\"http:\/\/www.protontherapie.fr\/wordpress\/wp-content\/uploads\/2016\/03\/hebergement_5.jpg\" alt=\"hebergement_5\" width=\"350\" height=\"233\" class=\"alignnone size-full wp-image-269\" srcset=\"https:\/\/www.protontherapie.fr\/wp-content\/uploads\/2016\/03\/hebergement_5.jpg 350w, https:\/\/www.protontherapie.fr\/wp-content\/uploads\/2016\/03\/hebergement_5-300x200.jpg 300w\" sizes=\"auto, (max-width: 350px) 100vw, 350px\" \/><img loading=\"lazy\" decoding=\"async\" src=\"http:\/\/www.protontherapie.fr\/wordpress\/wp-content\/uploads\/2016\/03\/hebergement_6.jpg\" alt=\"hebergement_6\" width=\"350\" height=\"233\" class=\"alignnone size-full wp-image-266\" srcset=\"https:\/\/www.protontherapie.fr\/wp-content\/uploads\/2016\/03\/hebergement_6.jpg 350w, https:\/\/www.protontherapie.fr\/wp-content\/uploads\/2016\/03\/hebergement_6-300x200.jpg 300w\" sizes=\"auto, (max-width: 350px) 100vw, 350px\" \/><\/div>\n<\/p>\n<h4 class=\"color-2 italique\">Prices<br \/>\n<\/h4>\n<p>\nThe daily fee is set by the Board of the Centre Antoine Lacassagne  at 85 \u20ac for one night + 3 meals (decision of the Board in April 2014). This package cannot be modified.<br \/>\n <br \/>\nIf you beneficiate from a social security reimbursement, no advance fees will be required.<br \/>\n<\/p>\n<p>For stays longer than 15 days, management will establish an estimate based on a monthly fee.<br \/>\n <br \/>\nWe can also offer a list of hotels at preferential rates<br \/>\n\n<\/p>\n<p class=\"bottom\">\nFor information : <a href=\"mailto:protontherapie@nice.unicancer.fr\">protontherapie@nice.unicancer.fr<\/a>\n<\/p>\n<h4 class=\"color-2 italique\">Hobbies<br \/>\n<\/h4>\n<p class=\"bottom\">\nTo discover Nice and its activities, download this guide: : <a target=\"_blank\" href=\"http:\/\/www.nicetourisme.com\/votre-nice-en-famille\">Download this guide.<\/a>\n<\/p>\n<\/article>\n<\/div>\n<\/div>\n<div class=\"accordion\" data-accordion>\n<div data-control>\n<h3><a href=\"http:\/\/www.centreantoinelacassagne.org\/\" target=\"_blank\">The Antoine Lacassagne Center<br \/>\n<\/a><\/h3>\n<\/div>\n<\/div>\n<\/article>\n<\/div>\n<\/div>\n","protected":false},"excerpt":{"rendered":"<p>Course of pediatric patients Collaborative multidisciplinary meetings : All treatment decisions for a child must be made in a regional Collaborative Multidisciplinary Meeting to define collegially the best therapeutic strategy for the child and the indication of radiotherapy. If the child does not reside in France, he will still have at least one consultation with [&hellip;]<\/p>\n","protected":false},"author":1,"featured_media":54,"parent":0,"menu_order":0,"comment_status":"closed","ping_status":"closed","template":"page-cms.php","meta":{"_acf_changed":false,"footnotes":""},"class_list":["post-703","page","type-page","status-publish","has-post-thumbnail","hentry"],"acf":[],"yoast_head":"<!-- This site is optimized with the Yoast SEO plugin v27.3 - https:\/\/yoast.com\/product\/yoast-seo-wordpress\/ -->\n<title>Useful info - INSTITUT M\u00c9DITERRAN\u00c9EN DE PROTONTH\u00c9RAPIE<\/title>\n<meta name=\"robots\" content=\"index, follow, max-snippet:-1, max-image-preview:large, max-video-preview:-1\" \/>\n<link rel=\"canonical\" href=\"https:\/\/www.protontherapie.fr\/infos-pratiques\/\" \/>\n<meta property=\"og:locale\" content=\"en_US\" \/>\n<meta property=\"og:type\" content=\"article\" \/>\n<meta property=\"og:title\" content=\"Useful info - INSTITUT M\u00c9DITERRAN\u00c9EN DE PROTONTH\u00c9RAPIE\" \/>\n<meta property=\"og:description\" content=\"Course of pediatric patients Collaborative multidisciplinary meetings : All treatment decisions for a child must be made in a regional Collaborative Multidisciplinary Meeting to define collegially the best therapeutic strategy for the child and the indication of radiotherapy. If the child does not reside in France, he will still have at least one consultation with [&hellip;]\" \/>\n<meta property=\"og:url\" content=\"https:\/\/www.protontherapie.fr\/infos-pratiques\/\" \/>\n<meta property=\"og:site_name\" content=\"INSTITUT M\u00c9DITERRAN\u00c9EN DE PROTONTH\u00c9RAPIE\" \/>\n<meta property=\"article:modified_time\" content=\"2017-04-07T08:03:16+00:00\" \/>\n<meta property=\"og:image\" content=\"https:\/\/www.protontherapie.fr\/wp-content\/uploads\/2016\/03\/banniere_6.jpg\" \/>\n\t<meta property=\"og:image:width\" content=\"1224\" \/>\n\t<meta property=\"og:image:height\" content=\"365\" \/>\n\t<meta property=\"og:image:type\" content=\"image\/jpeg\" \/>\n<meta name=\"twitter:card\" content=\"summary_large_image\" \/>\n<meta name=\"twitter:label1\" content=\"Est. reading time\" \/>\n\t<meta name=\"twitter:data1\" content=\"7 minutes\" \/>\n<script type=\"application\/ld+json\" class=\"yoast-schema-graph\">{\"@context\":\"https:\\\/\\\/schema.org\",\"@graph\":[{\"@type\":\"WebPage\",\"@id\":\"https:\\\/\\\/www.protontherapie.fr\\\/infos-pratiques\\\/\",\"url\":\"https:\\\/\\\/www.protontherapie.fr\\\/infos-pratiques\\\/\",\"name\":\"Useful info - INSTITUT M\u00c9DITERRAN\u00c9EN DE PROTONTH\u00c9RAPIE\",\"isPartOf\":{\"@id\":\"https:\\\/\\\/www.protontherapie.fr\\\/#website\"},\"primaryImageOfPage\":{\"@id\":\"https:\\\/\\\/www.protontherapie.fr\\\/infos-pratiques\\\/#primaryimage\"},\"image\":{\"@id\":\"https:\\\/\\\/www.protontherapie.fr\\\/infos-pratiques\\\/#primaryimage\"},\"thumbnailUrl\":\"https:\\\/\\\/www.protontherapie.fr\\\/wp-content\\\/uploads\\\/2016\\\/03\\\/banniere_6.jpg\",\"datePublished\":\"2017-04-06T16:08:03+00:00\",\"dateModified\":\"2017-04-07T08:03:16+00:00\",\"breadcrumb\":{\"@id\":\"https:\\\/\\\/www.protontherapie.fr\\\/infos-pratiques\\\/#breadcrumb\"},\"inLanguage\":\"en-US\",\"potentialAction\":[{\"@type\":\"ReadAction\",\"target\":[\"https:\\\/\\\/www.protontherapie.fr\\\/infos-pratiques\\\/\"]}]},{\"@type\":\"ImageObject\",\"inLanguage\":\"en-US\",\"@id\":\"https:\\\/\\\/www.protontherapie.fr\\\/infos-pratiques\\\/#primaryimage\",\"url\":\"https:\\\/\\\/www.protontherapie.fr\\\/wp-content\\\/uploads\\\/2016\\\/03\\\/banniere_6.jpg\",\"contentUrl\":\"https:\\\/\\\/www.protontherapie.fr\\\/wp-content\\\/uploads\\\/2016\\\/03\\\/banniere_6.jpg\",\"width\":1224,\"height\":365},{\"@type\":\"BreadcrumbList\",\"@id\":\"https:\\\/\\\/www.protontherapie.fr\\\/infos-pratiques\\\/#breadcrumb\",\"itemListElement\":[{\"@type\":\"ListItem\",\"position\":1,\"name\":\"Accueil\",\"item\":\"https:\\\/\\\/www.protontherapie.fr\\\/en\\\/\"},{\"@type\":\"ListItem\",\"position\":2,\"name\":\"Useful info\"}]},{\"@type\":\"WebSite\",\"@id\":\"https:\\\/\\\/www.protontherapie.fr\\\/#website\",\"url\":\"https:\\\/\\\/www.protontherapie.fr\\\/\",\"name\":\"INSTITUT M\u00c9DITERRAN\u00c9EN DE PROTONTH\u00c9RAPIE\",\"description\":\"Un site utilisant WordPress\",\"potentialAction\":[{\"@type\":\"SearchAction\",\"target\":{\"@type\":\"EntryPoint\",\"urlTemplate\":\"https:\\\/\\\/www.protontherapie.fr\\\/?s={search_term_string}\"},\"query-input\":{\"@type\":\"PropertyValueSpecification\",\"valueRequired\":true,\"valueName\":\"search_term_string\"}}],\"inLanguage\":\"en-US\"}]}<\/script>\n<!-- \/ Yoast SEO plugin. -->","yoast_head_json":{"title":"Useful info - INSTITUT M\u00c9DITERRAN\u00c9EN DE PROTONTH\u00c9RAPIE","robots":{"index":"index","follow":"follow","max-snippet":"max-snippet:-1","max-image-preview":"max-image-preview:large","max-video-preview":"max-video-preview:-1"},"canonical":"https:\/\/www.protontherapie.fr\/infos-pratiques\/","og_locale":"en_US","og_type":"article","og_title":"Useful info - INSTITUT M\u00c9DITERRAN\u00c9EN DE PROTONTH\u00c9RAPIE","og_description":"Course of pediatric patients Collaborative multidisciplinary meetings : All treatment decisions for a child must be made in a regional Collaborative Multidisciplinary Meeting to define collegially the best therapeutic strategy for the child and the indication of radiotherapy. If the child does not reside in France, he will still have at least one consultation with [&hellip;]","og_url":"https:\/\/www.protontherapie.fr\/infos-pratiques\/","og_site_name":"INSTITUT M\u00c9DITERRAN\u00c9EN DE PROTONTH\u00c9RAPIE","article_modified_time":"2017-04-07T08:03:16+00:00","og_image":[{"width":1224,"height":365,"url":"https:\/\/www.protontherapie.fr\/wp-content\/uploads\/2016\/03\/banniere_6.jpg","type":"image\/jpeg"}],"twitter_card":"summary_large_image","twitter_misc":{"Est. reading time":"7 minutes"},"schema":{"@context":"https:\/\/schema.org","@graph":[{"@type":"WebPage","@id":"https:\/\/www.protontherapie.fr\/infos-pratiques\/","url":"https:\/\/www.protontherapie.fr\/infos-pratiques\/","name":"Useful info - INSTITUT M\u00c9DITERRAN\u00c9EN DE PROTONTH\u00c9RAPIE","isPartOf":{"@id":"https:\/\/www.protontherapie.fr\/#website"},"primaryImageOfPage":{"@id":"https:\/\/www.protontherapie.fr\/infos-pratiques\/#primaryimage"},"image":{"@id":"https:\/\/www.protontherapie.fr\/infos-pratiques\/#primaryimage"},"thumbnailUrl":"https:\/\/www.protontherapie.fr\/wp-content\/uploads\/2016\/03\/banniere_6.jpg","datePublished":"2017-04-06T16:08:03+00:00","dateModified":"2017-04-07T08:03:16+00:00","breadcrumb":{"@id":"https:\/\/www.protontherapie.fr\/infos-pratiques\/#breadcrumb"},"inLanguage":"en-US","potentialAction":[{"@type":"ReadAction","target":["https:\/\/www.protontherapie.fr\/infos-pratiques\/"]}]},{"@type":"ImageObject","inLanguage":"en-US","@id":"https:\/\/www.protontherapie.fr\/infos-pratiques\/#primaryimage","url":"https:\/\/www.protontherapie.fr\/wp-content\/uploads\/2016\/03\/banniere_6.jpg","contentUrl":"https:\/\/www.protontherapie.fr\/wp-content\/uploads\/2016\/03\/banniere_6.jpg","width":1224,"height":365},{"@type":"BreadcrumbList","@id":"https:\/\/www.protontherapie.fr\/infos-pratiques\/#breadcrumb","itemListElement":[{"@type":"ListItem","position":1,"name":"Accueil","item":"https:\/\/www.protontherapie.fr\/en\/"},{"@type":"ListItem","position":2,"name":"Useful info"}]},{"@type":"WebSite","@id":"https:\/\/www.protontherapie.fr\/#website","url":"https:\/\/www.protontherapie.fr\/","name":"INSTITUT M\u00c9DITERRAN\u00c9EN DE PROTONTH\u00c9RAPIE","description":"Un site utilisant WordPress","potentialAction":[{"@type":"SearchAction","target":{"@type":"EntryPoint","urlTemplate":"https:\/\/www.protontherapie.fr\/?s={search_term_string}"},"query-input":{"@type":"PropertyValueSpecification","valueRequired":true,"valueName":"search_term_string"}}],"inLanguage":"en-US"}]}},"_links":{"self":[{"href":"https:\/\/www.protontherapie.fr\/en\/wp-json\/wp\/v2\/pages\/703","targetHints":{"allow":["GET"]}}],"collection":[{"href":"https:\/\/www.protontherapie.fr\/en\/wp-json\/wp\/v2\/pages"}],"about":[{"href":"https:\/\/www.protontherapie.fr\/en\/wp-json\/wp\/v2\/types\/page"}],"author":[{"embeddable":true,"href":"https:\/\/www.protontherapie.fr\/en\/wp-json\/wp\/v2\/users\/1"}],"replies":[{"embeddable":true,"href":"https:\/\/www.protontherapie.fr\/en\/wp-json\/wp\/v2\/comments?post=703"}],"version-history":[{"count":2,"href":"https:\/\/www.protontherapie.fr\/en\/wp-json\/wp\/v2\/pages\/703\/revisions"}],"predecessor-version":[{"id":769,"href":"https:\/\/www.protontherapie.fr\/en\/wp-json\/wp\/v2\/pages\/703\/revisions\/769"}],"wp:featuredmedia":[{"embeddable":true,"href":"https:\/\/www.protontherapie.fr\/en\/wp-json\/wp\/v2\/media\/54"}],"wp:attachment":[{"href":"https:\/\/www.protontherapie.fr\/en\/wp-json\/wp\/v2\/media?parent=703"}],"curies":[{"name":"wp","href":"https:\/\/api.w.org\/{rel}","templated":true}]}}