{"id":695,"date":"2017-04-06T16:28:07","date_gmt":"2017-04-06T15:28:07","guid":{"rendered":"http:\/\/www.protontherapie.fr\/en\/?page_id=695"},"modified":"2017-04-07T09:01:10","modified_gmt":"2017-04-07T08:01:10","slug":"tumors-of-sinusesskull-base-chordomas-and-chondrosarcoma","status":"publish","type":"page","link":"https:\/\/www.protontherapie.fr\/en\/tumors-of-sinusesskull-base-chordomas-and-chondrosarcoma\/","title":{"rendered":"Tumors of sinuses,<br>skull base<br> chordomas<br> and chondrosarcoma"},"content":{"rendered":"<div class=\"accordion\" data-accordion>\n<div data-control>\n<h3 id=\"first-click\">Description<br \/>\n<\/h3>\n<\/div>\n<div data-content>\n<article id=\"first\" class=\"more default\">\n<p class=\"top\">\nTumors occurring in the skull base (located on the bone), or in the sinuses or near the sinuses (which are bone cavities at the face) are rare tumors. They are not easily operable in general, or when they are, the surgeon may not be able to completely remove the tumor mass without leaving large scars.\n<\/p>\n<p class=\"bottom\">\nThese tumors also have the particularity of being resistant to radiation therapy and require a high radiation doses. Proton therapy, more precise than conventional radiotherapy, can make the difference for these tumors which often lie next to healthy tissue, very sensitive to high doses of radiation.<\/p>\n<\/article>\n<\/div>\n<\/div>\n<div class=\"accordion\" data-accordion>\n<div data-control>\n<h3>Treatment procedure<br \/>\n<\/h3>\n<\/div>\n<div data-content>\n<article id=\"titi\" class=\"more\">\n<div class=\"principal-suite\">\n<p class=\"color-1 italique top\"><strong>Consultation, virtual simulation, multidisciplinary meeting<br \/>\n<\/strong><\/p>\n<p>Each patient will be seen in consultation by the radiation oncologist to collect all the clinical, radiological and histological information and then present the case in multidisciplinary meeting to validate or not the indication for proton therapy.\n<\/p>\n<p>The case can be discussed in a multidisciplinary meeting before the consultation with the radiation therapist to speed up procedures and if all the elements of the case are sufficient to make it possible.<\/p>\n<p><\/span><\/p>\n<p class=\"bottom\">Besides obvious clinical indication and prior consultation, a computer simulation of the treatment can be performed to assess the magnitude of the benefit of the proton treatment over a conventional radiotherapy by photons or electrons. Indeed, it may be that conventional treatment is appropriate and that proton therapy is not necessary.<\/span><\/p>\n<div class=\"illustration\">\n<figure><figcaption class=\"col-md-12\">A simulation CT is performed to collect the images on which the zones to treat and to avoid will be delineated. A mask is sometimes used to immobilize head lesions as to always treat them in the same position. For other targets (in the chest or abdomen, for example) we resort to a tattoo the size of a mole. Using these tattoos or marks on the mask, lasers are used to reposition to be able to readjust perfectly on the treatment area by positioning these lasers.<br \/>\n<\/figcaption><img loading=\"lazy\" decoding=\"async\" src=\"http:\/\/www.protontherapie.fr\/wordpress\/wp-content\/uploads\/2016\/03\/scan-reperage.jpg\" alt=\"scan-reperage\" width=\"825\" height=\"414\" class=\"alignnone size-full wp-image-117\" srcset=\"https:\/\/www.protontherapie.fr\/wp-content\/uploads\/2016\/03\/scan-reperage.jpg 825w, https:\/\/www.protontherapie.fr\/wp-content\/uploads\/2016\/03\/scan-reperage-300x151.jpg 300w, https:\/\/www.protontherapie.fr\/wp-content\/uploads\/2016\/03\/scan-reperage-768x385.jpg 768w\" sizes=\"auto, (max-width: 825px) 100vw, 825px\" \/><br \/>\n<\/figure>\n<\/div>\n<\/div>\n<p class=\"color-1\">\nIf chemotherapy is associated: A consultation will be held in Nice and \/ or in the city of origin to prescribe chemotherapy if indicated during radiotherapy\n<\/p>\n<h4 class=\"color-2 italique\">Treatment initiation<br \/>\n<\/h4>\n<p class=\"bottom\">\nThe total dose of irradiation given is divided into multiple small doses of 1.8 to 2 Gy most of the time. These doses are delivered daily (once daily) except weekends and holidays. The total irradiation time is from several weeks (1 to 1 month and a half). The patient is seen once a week by a medical doctor, or more if necessary, to detect and treat the symptoms related to radiation. All patients will be seen by a doctor (in Nice or in the referral center) several weeks after radiation to monitor the short-term tolerance of treatment.\n<\/p>\n<\/article>\n<\/div>\n<\/div>\n<div class=\"accordion\" data-accordion>\n<div data-control>\n<h3>Side effects<\/h3>\n<\/div>\n<div data-content>\n<article id=\"tutu\" class=\"more\">\n<p class=\"top\">\nThe side effects depend on the treated area and the sensitivity of each, which is not predictable. Some patients will have no side effects, others will. The lists below are not exhaustive and side effects may vary according to size and position of the tumor. These variations are explained by the radiation oncologist during the consultation and the occurrence of side effects can be properly assessed after completion of dosimetry.<\/p>\n<p class=\" color-1\">\nComplications that can occur during sinus tumor, skull base chordomas or chondrosarcomas irradiation can be:\n<\/p>\n<p>\n&nbsp;&nbsp;&nbsp;&nbsp; &#8211; Fatigue, headaches,<br \/>\n&nbsp;&nbsp;&nbsp;&nbsp; &#8211; Inflammation of the mouth, in some cases with transient loss of taste,<br \/>\n&nbsp;&nbsp;&nbsp;&nbsp; &#8211; Decrease of saliva, possible tooth decay due to chronic decreased saliva can happen in rare cases, spontaneous broken jaw after dental work done in irradiated zones, even years after irradiation (dental care in these cases must be made prior to irradiation)<br \/>\n&nbsp;&nbsp;&nbsp;&nbsp; &#8211; Possible breach of the center which controls the hormones (sexual, thyroid, cortisol, growth hormone) based on the location of the tumor,<br \/>\n&nbsp;&nbsp;&nbsp;&nbsp; &#8211; In case of very close nerve localization, possible chances of lesions in order to maximize the chances of tumor control; most often, these nerves are affected anyway caused by the progression of the tumor locally; according to the nerves affected, possible loss of vision, hearing, motor skills or sensitivity of the face, etc &#8230;<br \/>\n&nbsp;&nbsp;&nbsp;&nbsp; &#8211; Possible trouble swallowing because of the necessity to irradiate the swallowing muscles that might cause food being swallowed the wrong way.<br \/>\n&nbsp;&nbsp;&nbsp;&nbsp;\u00a0&#8211; Very rare occurrence of vascular disorders years later with a possible stroke, or onset of radiation-induced cancers years after also; the risk of these toxicities is reduced by using protons.<\/p>\n<\/article>\n<\/div>\n<\/div>\n","protected":false},"excerpt":{"rendered":"<p>Description Tumors occurring in the skull base (located on the bone), or in the sinuses or near the sinuses (which are bone cavities at the face) are rare tumors. They are not easily operable in general, or when they are, the surgeon may not be able to completely remove the tumor mass without leaving large [&hellip;]<\/p>\n","protected":false},"author":1,"featured_media":121,"parent":0,"menu_order":0,"comment_status":"closed","ping_status":"closed","template":"page-cms.php","meta":{"_acf_changed":false,"footnotes":""},"class_list":["post-695","page","type-page","status-publish","has-post-thumbnail","hentry"],"acf":[],"yoast_head":"<!-- This site is optimized with the Yoast SEO plugin v27.3 - https:\/\/yoast.com\/product\/yoast-seo-wordpress\/ -->\n<title>Tumors of sinuses,skull base chordomas and chondrosarcoma - INSTITUT M\u00c9DITERRAN\u00c9EN DE PROTONTH\u00c9RAPIE<\/title>\n<meta name=\"robots\" content=\"index, follow, max-snippet:-1, max-image-preview:large, max-video-preview:-1\" \/>\n<link rel=\"canonical\" href=\"https:\/\/www.protontherapie.fr\/tumeurs-des-sinusde-la-base-du-cranechordomeset-chondrosarcomes\/\" \/>\n<meta property=\"og:locale\" content=\"en_US\" \/>\n<meta property=\"og:type\" content=\"article\" \/>\n<meta property=\"og:title\" content=\"Tumors of sinuses,skull base chordomas and chondrosarcoma - INSTITUT M\u00c9DITERRAN\u00c9EN DE PROTONTH\u00c9RAPIE\" \/>\n<meta property=\"og:description\" content=\"Description Tumors occurring in the skull base (located on the bone), or in the sinuses or near the sinuses (which are bone cavities at the face) are rare tumors. They are not easily operable in general, or when they are, the surgeon may not be able to completely remove the tumor mass without leaving large [&hellip;]\" \/>\n<meta property=\"og:url\" content=\"https:\/\/www.protontherapie.fr\/tumeurs-des-sinusde-la-base-du-cranechordomeset-chondrosarcomes\/\" \/>\n<meta property=\"og:site_name\" content=\"INSTITUT M\u00c9DITERRAN\u00c9EN DE PROTONTH\u00c9RAPIE\" \/>\n<meta property=\"article:modified_time\" content=\"2017-04-07T08:01:10+00:00\" \/>\n<meta property=\"og:image\" content=\"https:\/\/www.protontherapie.fr\/wp-content\/uploads\/2016\/03\/bandeau_sinus.jpg\" \/>\n\t<meta property=\"og:image:width\" content=\"1224\" \/>\n\t<meta property=\"og:image:height\" content=\"365\" \/>\n\t<meta property=\"og:image:type\" content=\"image\/jpeg\" \/>\n<meta name=\"twitter:card\" content=\"summary_large_image\" \/>\n<meta name=\"twitter:label1\" content=\"Est. reading time\" \/>\n\t<meta name=\"twitter:data1\" content=\"4 minutes\" \/>\n<script type=\"application\/ld+json\" class=\"yoast-schema-graph\">{\"@context\":\"https:\\\/\\\/schema.org\",\"@graph\":[{\"@type\":\"WebPage\",\"@id\":\"https:\\\/\\\/www.protontherapie.fr\\\/tumeurs-des-sinusde-la-base-du-cranechordomeset-chondrosarcomes\\\/\",\"url\":\"https:\\\/\\\/www.protontherapie.fr\\\/tumeurs-des-sinusde-la-base-du-cranechordomeset-chondrosarcomes\\\/\",\"name\":\"Tumors of sinuses, skull base chordomas and chondrosarcoma - INSTITUT M\u00c9DITERRAN\u00c9EN DE PROTONTH\u00c9RAPIE\",\"isPartOf\":{\"@id\":\"https:\\\/\\\/www.protontherapie.fr\\\/#website\"},\"primaryImageOfPage\":{\"@id\":\"https:\\\/\\\/www.protontherapie.fr\\\/tumeurs-des-sinusde-la-base-du-cranechordomeset-chondrosarcomes\\\/#primaryimage\"},\"image\":{\"@id\":\"https:\\\/\\\/www.protontherapie.fr\\\/tumeurs-des-sinusde-la-base-du-cranechordomeset-chondrosarcomes\\\/#primaryimage\"},\"thumbnailUrl\":\"https:\\\/\\\/www.protontherapie.fr\\\/wp-content\\\/uploads\\\/2016\\\/03\\\/bandeau_sinus.jpg\",\"datePublished\":\"2017-04-06T15:28:07+00:00\",\"dateModified\":\"2017-04-07T08:01:10+00:00\",\"breadcrumb\":{\"@id\":\"https:\\\/\\\/www.protontherapie.fr\\\/tumeurs-des-sinusde-la-base-du-cranechordomeset-chondrosarcomes\\\/#breadcrumb\"},\"inLanguage\":\"en-US\",\"potentialAction\":[{\"@type\":\"ReadAction\",\"target\":[\"https:\\\/\\\/www.protontherapie.fr\\\/tumeurs-des-sinusde-la-base-du-cranechordomeset-chondrosarcomes\\\/\"]}]},{\"@type\":\"ImageObject\",\"inLanguage\":\"en-US\",\"@id\":\"https:\\\/\\\/www.protontherapie.fr\\\/tumeurs-des-sinusde-la-base-du-cranechordomeset-chondrosarcomes\\\/#primaryimage\",\"url\":\"https:\\\/\\\/www.protontherapie.fr\\\/wp-content\\\/uploads\\\/2016\\\/03\\\/bandeau_sinus.jpg\",\"contentUrl\":\"https:\\\/\\\/www.protontherapie.fr\\\/wp-content\\\/uploads\\\/2016\\\/03\\\/bandeau_sinus.jpg\",\"width\":1224,\"height\":365},{\"@type\":\"BreadcrumbList\",\"@id\":\"https:\\\/\\\/www.protontherapie.fr\\\/tumeurs-des-sinusde-la-base-du-cranechordomeset-chondrosarcomes\\\/#breadcrumb\",\"itemListElement\":[{\"@type\":\"ListItem\",\"position\":1,\"name\":\"Accueil\",\"item\":\"https:\\\/\\\/www.protontherapie.fr\\\/en\\\/\"},{\"@type\":\"ListItem\",\"position\":2,\"name\":\"Tumors of sinuses,skull base chordomas and chondrosarcoma\"}]},{\"@type\":\"WebSite\",\"@id\":\"https:\\\/\\\/www.protontherapie.fr\\\/#website\",\"url\":\"https:\\\/\\\/www.protontherapie.fr\\\/\",\"name\":\"INSTITUT M\u00c9DITERRAN\u00c9EN DE PROTONTH\u00c9RAPIE\",\"description\":\"Un site utilisant WordPress\",\"potentialAction\":[{\"@type\":\"SearchAction\",\"target\":{\"@type\":\"EntryPoint\",\"urlTemplate\":\"https:\\\/\\\/www.protontherapie.fr\\\/?s={search_term_string}\"},\"query-input\":{\"@type\":\"PropertyValueSpecification\",\"valueRequired\":true,\"valueName\":\"search_term_string\"}}],\"inLanguage\":\"en-US\"}]}<\/script>\n<!-- \/ Yoast SEO plugin. -->","yoast_head_json":{"title":"Tumors of sinuses,skull base chordomas and chondrosarcoma - INSTITUT M\u00c9DITERRAN\u00c9EN DE PROTONTH\u00c9RAPIE","robots":{"index":"index","follow":"follow","max-snippet":"max-snippet:-1","max-image-preview":"max-image-preview:large","max-video-preview":"max-video-preview:-1"},"canonical":"https:\/\/www.protontherapie.fr\/tumeurs-des-sinusde-la-base-du-cranechordomeset-chondrosarcomes\/","og_locale":"en_US","og_type":"article","og_title":"Tumors of sinuses,skull base chordomas and chondrosarcoma - INSTITUT M\u00c9DITERRAN\u00c9EN DE PROTONTH\u00c9RAPIE","og_description":"Description Tumors occurring in the skull base (located on the bone), or in the sinuses or near the sinuses (which are bone cavities at the face) are rare tumors. They are not easily operable in general, or when they are, the surgeon may not be able to completely remove the tumor mass without leaving large [&hellip;]","og_url":"https:\/\/www.protontherapie.fr\/tumeurs-des-sinusde-la-base-du-cranechordomeset-chondrosarcomes\/","og_site_name":"INSTITUT M\u00c9DITERRAN\u00c9EN DE PROTONTH\u00c9RAPIE","article_modified_time":"2017-04-07T08:01:10+00:00","og_image":[{"width":1224,"height":365,"url":"https:\/\/www.protontherapie.fr\/wp-content\/uploads\/2016\/03\/bandeau_sinus.jpg","type":"image\/jpeg"}],"twitter_card":"summary_large_image","twitter_misc":{"Est. reading time":"4 minutes"},"schema":{"@context":"https:\/\/schema.org","@graph":[{"@type":"WebPage","@id":"https:\/\/www.protontherapie.fr\/tumeurs-des-sinusde-la-base-du-cranechordomeset-chondrosarcomes\/","url":"https:\/\/www.protontherapie.fr\/tumeurs-des-sinusde-la-base-du-cranechordomeset-chondrosarcomes\/","name":"Tumors of sinuses, skull base chordomas and chondrosarcoma - INSTITUT M\u00c9DITERRAN\u00c9EN DE PROTONTH\u00c9RAPIE","isPartOf":{"@id":"https:\/\/www.protontherapie.fr\/#website"},"primaryImageOfPage":{"@id":"https:\/\/www.protontherapie.fr\/tumeurs-des-sinusde-la-base-du-cranechordomeset-chondrosarcomes\/#primaryimage"},"image":{"@id":"https:\/\/www.protontherapie.fr\/tumeurs-des-sinusde-la-base-du-cranechordomeset-chondrosarcomes\/#primaryimage"},"thumbnailUrl":"https:\/\/www.protontherapie.fr\/wp-content\/uploads\/2016\/03\/bandeau_sinus.jpg","datePublished":"2017-04-06T15:28:07+00:00","dateModified":"2017-04-07T08:01:10+00:00","breadcrumb":{"@id":"https:\/\/www.protontherapie.fr\/tumeurs-des-sinusde-la-base-du-cranechordomeset-chondrosarcomes\/#breadcrumb"},"inLanguage":"en-US","potentialAction":[{"@type":"ReadAction","target":["https:\/\/www.protontherapie.fr\/tumeurs-des-sinusde-la-base-du-cranechordomeset-chondrosarcomes\/"]}]},{"@type":"ImageObject","inLanguage":"en-US","@id":"https:\/\/www.protontherapie.fr\/tumeurs-des-sinusde-la-base-du-cranechordomeset-chondrosarcomes\/#primaryimage","url":"https:\/\/www.protontherapie.fr\/wp-content\/uploads\/2016\/03\/bandeau_sinus.jpg","contentUrl":"https:\/\/www.protontherapie.fr\/wp-content\/uploads\/2016\/03\/bandeau_sinus.jpg","width":1224,"height":365},{"@type":"BreadcrumbList","@id":"https:\/\/www.protontherapie.fr\/tumeurs-des-sinusde-la-base-du-cranechordomeset-chondrosarcomes\/#breadcrumb","itemListElement":[{"@type":"ListItem","position":1,"name":"Accueil","item":"https:\/\/www.protontherapie.fr\/en\/"},{"@type":"ListItem","position":2,"name":"Tumors of sinuses,skull base chordomas and chondrosarcoma"}]},{"@type":"WebSite","@id":"https:\/\/www.protontherapie.fr\/#website","url":"https:\/\/www.protontherapie.fr\/","name":"INSTITUT M\u00c9DITERRAN\u00c9EN DE PROTONTH\u00c9RAPIE","description":"Un site utilisant WordPress","potentialAction":[{"@type":"SearchAction","target":{"@type":"EntryPoint","urlTemplate":"https:\/\/www.protontherapie.fr\/?s={search_term_string}"},"query-input":{"@type":"PropertyValueSpecification","valueRequired":true,"valueName":"search_term_string"}}],"inLanguage":"en-US"}]}},"_links":{"self":[{"href":"https:\/\/www.protontherapie.fr\/en\/wp-json\/wp\/v2\/pages\/695","targetHints":{"allow":["GET"]}}],"collection":[{"href":"https:\/\/www.protontherapie.fr\/en\/wp-json\/wp\/v2\/pages"}],"about":[{"href":"https:\/\/www.protontherapie.fr\/en\/wp-json\/wp\/v2\/types\/page"}],"author":[{"embeddable":true,"href":"https:\/\/www.protontherapie.fr\/en\/wp-json\/wp\/v2\/users\/1"}],"replies":[{"embeddable":true,"href":"https:\/\/www.protontherapie.fr\/en\/wp-json\/wp\/v2\/comments?post=695"}],"version-history":[{"count":1,"href":"https:\/\/www.protontherapie.fr\/en\/wp-json\/wp\/v2\/pages\/695\/revisions"}],"predecessor-version":[{"id":696,"href":"https:\/\/www.protontherapie.fr\/en\/wp-json\/wp\/v2\/pages\/695\/revisions\/696"}],"wp:featuredmedia":[{"embeddable":true,"href":"https:\/\/www.protontherapie.fr\/en\/wp-json\/wp\/v2\/media\/121"}],"wp:attachment":[{"href":"https:\/\/www.protontherapie.fr\/en\/wp-json\/wp\/v2\/media?parent=695"}],"curies":[{"name":"wp","href":"https:\/\/api.w.org\/{rel}","templated":true}]}}