{"id":413,"date":"2016-09-20T16:18:55","date_gmt":"2016-09-20T15:18:55","guid":{"rendered":"http:\/\/www.protontherapie.fr\/wordpress\/?page_id=413&#038;lang=de"},"modified":"2017-03-31T17:22:16","modified_gmt":"2017-03-31T16:22:16","slug":"zugang-fuer-mitarbeiter-des-gesundheitswesens","status":"publish","type":"page","link":"https:\/\/www.protontherapie.fr\/de\/zugang-fuer-mitarbeiter-des-gesundheitswesens\/","title":{"rendered":"Zugang f\u00fcr Mitarbeiter des Gesundheitswesens"},"content":{"rendered":"<div class=\"accordion\" data-accordion=\"\">\n<div data-control=\"\">\n<h3 id=\"first-click\">Die Krebsbehandlung im Kindesalter<\/h3>\n<\/div>\n<div data-content=\"\">\n<article id=\"first\" class=\"more default\">\n<p class=\"top\"><span class=\" color-1 underline\">Die interdisziplin\u00e4re Besprechung:<\/span><\/p>\n<p>Jede Behandlung eines Kindes muss im interdisziplin\u00e4ren Gremium besprochen und entschieden werden, um innerhalb des Kollegenteams die beste therapeutische Strategie f\u00fcr das Kind und die Indikation zur Strahlentherapie festzulegen. Wenn das Kind nicht in Frankreich wohnt, muss mindestens einmal ein franz\u00f6sischer Facharzt f\u00fcr Kinder-Onkologie konsultiert werden, damit die Akte des jungen Patienten im nationalen Gremium f\u00fcr interdisziplin\u00e4re Abstimmung (Concertation en Radioth\u00e9rapie, RCR) besprochen werden kann.<\/p>\n<p><span class=\" color-1 underline\">Entscheidung \u00fcber die Behandlung:<\/span><\/p>\n<p>Nach der Best\u00e4tigung der Indikation zur Strahlentherapie durch das regionale RCP-Gremium wird die Patientenakte dem nationalen Gremium f\u00fcr Strahlentherapie vorgelegt, das die Indikation zur Protonentherapie validiert. Diese RCR-Abstimmung findet einmal pro Woche dienstags oder donnerstags statt. Der \u00fcberweisende Arzt wird gebeten, die Bilder an das Institut M\u00e9diterran\u00e9en de ProtonTh\u00e9rapie \u00fcber die Datenbank zu \u00fcbermitteln, damit der Strahlentherapeut den ersten Termin vereinbaren, die Notwendigkeit einer An\u00e4sthesie beurteilen und gegebenenfalls ein Arztgespr\u00e4ch mit dem An\u00e4sthesisten vereinbaren kann.<\/p>\n<p><span class=\" color-1 underline\">Das erste \u00e4rztliche Gespr\u00e4ch:<\/span><\/p>\n<p>Nach der Validierung der Protonentherapie im f\u00e4cher\u00fcbergreifenden Gremium findet das erste Arztgespr\u00e4ch statt: Der Strahlentherapeut trifft das Kind und seine Erziehungsberechtigten in seiner Sprechstunde, bei Bedarf in Anwesenheit eines Facharztes f\u00fcr Kinderonkologie\/p\u00e4diatrische Onkologie, falls das Kind in die Onkop\u00e4diatrie eingewiesen werden muss, und eines Kinderan\u00e4sthesisten.<\/p>\n<p><span class=\" color-1 underline\">\u00dcbersichts-Scan:<\/span><\/p>\n<p>Dieser Scan hat das Ziel, die Lage des Kindes w\u00e4hrend seiner gesamten Behandlung zu fixieren und seinen K\u00f6rper virtuell in 3D zu rekonstruieren, um die zu behandelnden Zonen und die zu sch\u00fctzenden Zonen pr\u00e4zise abzugrenzen. Wenn das Kind keine An\u00e4sthesie braucht, werden \u00dcbersichts-Scan und Dosimetrie m\u00f6glichst am gleichen Tag durchgef\u00fchrt wie das erste Arztgespr\u00e4ch. Im Fall einer An\u00e4sthesie werden Scan und Dosimetrie m\u00f6glichst fr\u00fch am Morgen durchgef\u00fchrt. Alle klinischen Daten und bildgebenden Untersuchungen werden in der Datenbank erfasst.<\/p>\n<p><span class=\" color-1 underline\">Dosimetrie:<\/span><\/p>\n<p>In dieser Etappe muss der Patient nicht anwesend sein. Der Strahlentherapeut umrei\u00dft die zu behandelnden Volumina und definiert die Grenzwerte der Strahlendosis f\u00fcr die zu behandelnden Gewebevolumina, sowie f\u00fcr die umliegenden Organe.<\/p>\n<p>Die Planung der Behandlung besteht darin, die Position der Strahlenb\u00fcndel und Optimierung der Bestrahlung festzulegen. Die Behandlung wird in einem 3D-Modell simuliert. Der definitive Behandlungsplan, der die Dosis und die Bestrahlungsmodalit\u00e4ten festlegt, wird vom Strahlentherapeuten und vom Physiker gemeinsam festgelegt.<br \/>\nDie Daten werden an den Behandlungsger\u00e4ten eingegeben und an die Datenbank weitergeleitet.<\/p>\n<p><span class=\" color-1 underline\">Administrative Formalit\u00e4ten:<\/span><\/p>\n<p>Le traitement par protonth\u00e9rapie est pris \u00e0 charge \u00e0 100% dans le cadre de l\u2019ALD. Pour toute admission, il est demand\u00e9 de se pr\u00e9senter avec sa carte vitale, carte de mutuelle et une pi\u00e8ce d\u2019identit\u00e9. Dans certains cas, une pr\u00e9-admission sera effectu\u00e9e, il vous sera donc demand\u00e9 de transmettre ces documents par fax ou par mail. Si le patient est non r\u00e9sidant sur le territoire fran\u00e7ais, il est demand\u00e9 de contacter directement l\u2019IMPT au num\u00e9ro vert : <a href=\"tel:0800971374\">0800 971 374<\/a> ou par <a href=\"mailto:protontherapie@nice.unicancer.fr\">mail<\/a><\/p>\n<p>&nbsp;<\/p>\n<\/article>\n<\/div>\n<\/div>\n<div class=\"accordion\" data-accordion=\"\">\n<div data-control=\"\">\n<h3 id=\"avantages-click\" style=\"line-height: 25px;\">Die Krebsbehandlung beim Erwachsenen<\/h3>\n<\/div>\n<div data-content=\"\">\n<article id=\"avantages\" class=\"more\">\n<p class=\"top\"><span class=\" color-1 underline\">Die interdisziplin\u00e4re Besprechung:<\/span><\/p>\n<p>Jede Behandlung muss im interdisziplin\u00e4ren Gremium beraten und entschieden werden, um innerhalb des Kollegenteams die beste therapeutische Strategie und die Indikation zur Strahlentherapie festzulegen. Wenn der Patient nicht in Frankreich wohnt, muss er mindestens einmal einen franz\u00f6sischen Facharzt f\u00fcr Onkologie\/Strahlentherapie konsultieren, damit seine Akte im nationalen Gremium f\u00fcr interdisziplin\u00e4re Abstimmung (Concertation en Radioth\u00e9rapie, RCR) beraten werden kann.<\/p>\n<p><span class=\" color-1 underline\">Entscheidung \u00fcber die Behandlung:<\/span><\/p>\n<p>Nach der Best\u00e4tigung der Indikation zur Strahlentherapie durch das regionale RCP-Gremium wird die Patientenakte dem nationalen Gremium f\u00fcr Strahlentherapie vorgelegt, das die Indikation zur Protonentherapie validiert, diese RCR-Abstimmung findet einmal pro Woche dienstags oder donnerstags statt. Der \u00fcberweisende Arzt wird gebeten, die Bilder an das Institut M\u00e9diterran\u00e9en de ProtonTh\u00e9rapie zu \u00fcbermitteln, damit der Strahlentherapeut den ersten Termin vereinbaren, die Notwendigkeit einer An\u00e4sthesie beurteilen und gegebenenfalls ein Arztgespr\u00e4ch mit dem An\u00e4sthesisten vereinbaren kann.<\/p>\n<p><span class=\" color-1 underline\">Das erste \u00e4rztliche Gespr\u00e4ch: <\/span><\/p>\n<p>Das erste Arztgespr\u00e4ch findet statt, nachdem die Indikation f\u00fcr die Protonentherapie im nationalen fach\u00fcbergreifenden Gremium validiert wurde.<\/p>\n<p><span class=\" color-1 underline\">\u00dcbersichts-Scan:<\/span><\/p>\n<p>Dieser Scan hat das Ziel, die Lage w\u00e4hrend der gesamten Behandlung zu fixieren und den K\u00f6rper virtuell in 3D zu rekonstruieren, um die zu behandelnden Zonen und die zu sch\u00fctzenden Zonen pr\u00e4zise abzugrenzen.<br \/>\nAlle klinischen Daten und bildgebenden Untersuchungen werden in der Datenbank erfasst.<\/p>\n<p><span class=\" color-1 underline\">Dosimetrie:<\/span><\/p>\n<p>In dieser Etappe muss der Patient nicht anwesend sein. Der Strahlentherapeut umrei\u00dft die zu behandelnden Volumina und definiert die Grenzwerte der Strahlendosis f\u00fcr die zu behandelnden Gewebevolumina, sowie f\u00fcr die umliegenden Organe.<br \/>\nDie Planung der Behandlung besteht darin, die Position der Strahlenb\u00fcndel festzulegen und die Bestrahlung zu optimieren. Die Behandlung wird in einem 3D-Modell simuliert.<br \/>\nDer definitive Behandlungsplan, der die Dosis und die Bestrahlungsmodalit\u00e4ten definiert, wird vom Strahlentherapeuten und vom Physiker gemeinsam festgelegt.<br \/>\nDie Daten werden an den Behandlungsger\u00e4ten eingegeben und an die Datenbank weitergeleitet.<\/p>\n<p><span class=\" color-1 underline\">Administrative Formalit\u00e4ten:<\/span><\/p>\n<p>Die Protonentherapie-Behandlung wird im Rahmen einer ALD (\u201eAffection de longue dur\u00e9ee\u201c \u2013 langanhaltende Krankheit) zu 100% von der Krankenkasse \u00fcbernommen. F\u00fcr jede Aufnahme sind die \u201ecarte vitale\u201c bzw. der Krankenkassenausweis, der Nachweis der privaten Zusatzversicherung (\u201ecarte de mutuelle\u201c) und ein Personalausweis vorzulegen. In bestimmten F\u00e4llen erfolgt eine Voraufnahme, und Sie werden gebeten, diese Dokumente per Fax oder E-Mail zu senden. Wenn der Patient nicht in Frankreich ans\u00e4ssig ist, wird er gebeten, das Institut M\u00e9diterran\u00e9en de Protonth\u00e9rapie direkt unter der Tel.Nummer: +33 4 92 03 10 80 oder per Mail zu kontaktieren.<\/p>\n<p><span class=\" color-1 underline\">Unterkunft:<\/span><\/p>\n<p>Erfolgt die Behandlung ambulant, so kann der Patient im G\u00e4stehaus des Centre Antoine Lacassagne, \u201eLa Consolata\u201c oder einem anderen Ort seiner Wahl untergebracht werden. Wird eine \u00dcbernachtung in \u201eLa Consolata\u201c gew\u00fcnscht, so sollte dies unbedingt gleich beim ersten Termin der medizinischen Assistentin mitgeteilt werden. F\u00fcr weitere Informationen zur Unterkunft\u00a0<a href=\"http:\/\/protontherapie.fr\/infos-pratiques.php#hebergement\">klicken Sie bitte hier<\/a><\/p>\n<\/article>\n<p>Beginn der Behandlung<\/p>\n<p>Eine Protonentherapie erfordert mehrere Behandlungen: eine Behandlung pro Tag, 5 Behandlungen\/Woche und dies \u00fcber mehrere Wochen. An den Wochenenden und Feiertagen finden keine Behandlungen statt.<\/p>\n<\/div>\n<\/div>\n","protected":false},"excerpt":{"rendered":"<p>Die Krebsbehandlung im Kindesalter Die interdisziplin\u00e4re Besprechung: Jede Behandlung eines Kindes muss im interdisziplin\u00e4ren Gremium besprochen und entschieden werden, um innerhalb des Kollegenteams die beste therapeutische Strategie f\u00fcr das Kind und die Indikation zur Strahlentherapie festzulegen. Wenn das Kind nicht in Frankreich wohnt, muss mindestens einmal ein franz\u00f6sischer Facharzt f\u00fcr Kinder-Onkologie konsultiert werden, damit die [&hellip;]<\/p>\n","protected":false},"author":1,"featured_media":31,"parent":0,"menu_order":0,"comment_status":"closed","ping_status":"closed","template":"page-cms.php","meta":{"_acf_changed":false,"footnotes":""},"class_list":["post-413","page","type-page","status-publish","has-post-thumbnail","hentry"],"acf":[],"yoast_head":"<!-- This site is optimized with the Yoast SEO plugin v27.3 - https:\/\/yoast.com\/product\/yoast-seo-wordpress\/ -->\n<title>Zugang f\u00fcr Mitarbeiter des Gesundheitswesens - INSTITUT M\u00c9DITERRAN\u00c9EN DE PROTONTH\u00c9RAPIE<\/title>\n<meta name=\"robots\" content=\"index, follow, max-snippet:-1, max-image-preview:large, max-video-preview:-1\" \/>\n<link rel=\"canonical\" href=\"https:\/\/www.protontherapie.fr\/acces-pro\/\" \/>\n<meta property=\"og:locale\" content=\"de_DE\" \/>\n<meta property=\"og:type\" content=\"article\" \/>\n<meta property=\"og:title\" content=\"Zugang f\u00fcr Mitarbeiter des Gesundheitswesens - INSTITUT M\u00c9DITERRAN\u00c9EN DE PROTONTH\u00c9RAPIE\" \/>\n<meta property=\"og:description\" content=\"Die Krebsbehandlung im Kindesalter Die interdisziplin\u00e4re Besprechung: Jede Behandlung eines Kindes muss im interdisziplin\u00e4ren Gremium besprochen und entschieden werden, um innerhalb des Kollegenteams die beste therapeutische Strategie f\u00fcr das Kind und die Indikation zur Strahlentherapie festzulegen. Wenn das Kind nicht in Frankreich wohnt, muss mindestens einmal ein franz\u00f6sischer Facharzt f\u00fcr Kinder-Onkologie konsultiert werden, damit die [&hellip;]\" \/>\n<meta property=\"og:url\" content=\"https:\/\/www.protontherapie.fr\/acces-pro\/\" \/>\n<meta property=\"og:site_name\" content=\"INSTITUT M\u00c9DITERRAN\u00c9EN DE PROTONTH\u00c9RAPIE\" \/>\n<meta property=\"article:modified_time\" content=\"2017-03-31T16:22:16+00:00\" \/>\n<meta property=\"og:image\" content=\"https:\/\/www.protontherapie.fr\/wp-content\/uploads\/2016\/03\/scaner.jpg\" \/>\n\t<meta property=\"og:image:width\" content=\"1224\" \/>\n\t<meta property=\"og:image:height\" content=\"365\" \/>\n\t<meta property=\"og:image:type\" content=\"image\/jpeg\" \/>\n<meta name=\"twitter:card\" content=\"summary_large_image\" \/>\n<meta name=\"twitter:label1\" content=\"Gesch\u00e4tzte Lesezeit\" \/>\n\t<meta name=\"twitter:data1\" content=\"5\u00a0Minuten\" \/>\n<script type=\"application\/ld+json\" class=\"yoast-schema-graph\">{\"@context\":\"https:\\\/\\\/schema.org\",\"@graph\":[{\"@type\":\"WebPage\",\"@id\":\"https:\\\/\\\/www.protontherapie.fr\\\/acces-pro\\\/\",\"url\":\"https:\\\/\\\/www.protontherapie.fr\\\/acces-pro\\\/\",\"name\":\"Zugang f\u00fcr Mitarbeiter des Gesundheitswesens - INSTITUT M\u00c9DITERRAN\u00c9EN DE PROTONTH\u00c9RAPIE\",\"isPartOf\":{\"@id\":\"https:\\\/\\\/www.protontherapie.fr\\\/#website\"},\"primaryImageOfPage\":{\"@id\":\"https:\\\/\\\/www.protontherapie.fr\\\/acces-pro\\\/#primaryimage\"},\"image\":{\"@id\":\"https:\\\/\\\/www.protontherapie.fr\\\/acces-pro\\\/#primaryimage\"},\"thumbnailUrl\":\"https:\\\/\\\/www.protontherapie.fr\\\/wp-content\\\/uploads\\\/2016\\\/03\\\/scaner.jpg\",\"datePublished\":\"2016-09-20T15:18:55+00:00\",\"dateModified\":\"2017-03-31T16:22:16+00:00\",\"breadcrumb\":{\"@id\":\"https:\\\/\\\/www.protontherapie.fr\\\/acces-pro\\\/#breadcrumb\"},\"inLanguage\":\"de\",\"potentialAction\":[{\"@type\":\"ReadAction\",\"target\":[\"https:\\\/\\\/www.protontherapie.fr\\\/acces-pro\\\/\"]}]},{\"@type\":\"ImageObject\",\"inLanguage\":\"de\",\"@id\":\"https:\\\/\\\/www.protontherapie.fr\\\/acces-pro\\\/#primaryimage\",\"url\":\"https:\\\/\\\/www.protontherapie.fr\\\/wp-content\\\/uploads\\\/2016\\\/03\\\/scaner.jpg\",\"contentUrl\":\"https:\\\/\\\/www.protontherapie.fr\\\/wp-content\\\/uploads\\\/2016\\\/03\\\/scaner.jpg\",\"width\":1224,\"height\":365,\"caption\":\"scaner\"},{\"@type\":\"BreadcrumbList\",\"@id\":\"https:\\\/\\\/www.protontherapie.fr\\\/acces-pro\\\/#breadcrumb\",\"itemListElement\":[{\"@type\":\"ListItem\",\"position\":1,\"name\":\"Accueil\",\"item\":\"https:\\\/\\\/www.protontherapie.fr\\\/\"},{\"@type\":\"ListItem\",\"position\":2,\"name\":\"Zugang f\u00fcr Mitarbeiter des Gesundheitswesens\"}]},{\"@type\":\"WebSite\",\"@id\":\"https:\\\/\\\/www.protontherapie.fr\\\/#website\",\"url\":\"https:\\\/\\\/www.protontherapie.fr\\\/\",\"name\":\"INSTITUT M\u00c9DITERRAN\u00c9EN DE PROTONTH\u00c9RAPIE\",\"description\":\"Un site utilisant WordPress\",\"potentialAction\":[{\"@type\":\"SearchAction\",\"target\":{\"@type\":\"EntryPoint\",\"urlTemplate\":\"https:\\\/\\\/www.protontherapie.fr\\\/?s={search_term_string}\"},\"query-input\":{\"@type\":\"PropertyValueSpecification\",\"valueRequired\":true,\"valueName\":\"search_term_string\"}}],\"inLanguage\":\"de\"}]}<\/script>\n<!-- \/ Yoast SEO plugin. -->","yoast_head_json":{"title":"Zugang f\u00fcr Mitarbeiter des Gesundheitswesens - INSTITUT M\u00c9DITERRAN\u00c9EN DE PROTONTH\u00c9RAPIE","robots":{"index":"index","follow":"follow","max-snippet":"max-snippet:-1","max-image-preview":"max-image-preview:large","max-video-preview":"max-video-preview:-1"},"canonical":"https:\/\/www.protontherapie.fr\/acces-pro\/","og_locale":"de_DE","og_type":"article","og_title":"Zugang f\u00fcr Mitarbeiter des Gesundheitswesens - INSTITUT M\u00c9DITERRAN\u00c9EN DE PROTONTH\u00c9RAPIE","og_description":"Die Krebsbehandlung im Kindesalter Die interdisziplin\u00e4re Besprechung: Jede Behandlung eines Kindes muss im interdisziplin\u00e4ren Gremium besprochen und entschieden werden, um innerhalb des Kollegenteams die beste therapeutische Strategie f\u00fcr das Kind und die Indikation zur Strahlentherapie festzulegen. Wenn das Kind nicht in Frankreich wohnt, muss mindestens einmal ein franz\u00f6sischer Facharzt f\u00fcr Kinder-Onkologie konsultiert werden, damit die [&hellip;]","og_url":"https:\/\/www.protontherapie.fr\/acces-pro\/","og_site_name":"INSTITUT M\u00c9DITERRAN\u00c9EN DE PROTONTH\u00c9RAPIE","article_modified_time":"2017-03-31T16:22:16+00:00","og_image":[{"width":1224,"height":365,"url":"https:\/\/www.protontherapie.fr\/wp-content\/uploads\/2016\/03\/scaner.jpg","type":"image\/jpeg"}],"twitter_card":"summary_large_image","twitter_misc":{"Gesch\u00e4tzte Lesezeit":"5\u00a0Minuten"},"schema":{"@context":"https:\/\/schema.org","@graph":[{"@type":"WebPage","@id":"https:\/\/www.protontherapie.fr\/acces-pro\/","url":"https:\/\/www.protontherapie.fr\/acces-pro\/","name":"Zugang f\u00fcr Mitarbeiter des Gesundheitswesens - INSTITUT M\u00c9DITERRAN\u00c9EN DE PROTONTH\u00c9RAPIE","isPartOf":{"@id":"https:\/\/www.protontherapie.fr\/#website"},"primaryImageOfPage":{"@id":"https:\/\/www.protontherapie.fr\/acces-pro\/#primaryimage"},"image":{"@id":"https:\/\/www.protontherapie.fr\/acces-pro\/#primaryimage"},"thumbnailUrl":"https:\/\/www.protontherapie.fr\/wp-content\/uploads\/2016\/03\/scaner.jpg","datePublished":"2016-09-20T15:18:55+00:00","dateModified":"2017-03-31T16:22:16+00:00","breadcrumb":{"@id":"https:\/\/www.protontherapie.fr\/acces-pro\/#breadcrumb"},"inLanguage":"de","potentialAction":[{"@type":"ReadAction","target":["https:\/\/www.protontherapie.fr\/acces-pro\/"]}]},{"@type":"ImageObject","inLanguage":"de","@id":"https:\/\/www.protontherapie.fr\/acces-pro\/#primaryimage","url":"https:\/\/www.protontherapie.fr\/wp-content\/uploads\/2016\/03\/scaner.jpg","contentUrl":"https:\/\/www.protontherapie.fr\/wp-content\/uploads\/2016\/03\/scaner.jpg","width":1224,"height":365,"caption":"scaner"},{"@type":"BreadcrumbList","@id":"https:\/\/www.protontherapie.fr\/acces-pro\/#breadcrumb","itemListElement":[{"@type":"ListItem","position":1,"name":"Accueil","item":"https:\/\/www.protontherapie.fr\/"},{"@type":"ListItem","position":2,"name":"Zugang f\u00fcr Mitarbeiter des Gesundheitswesens"}]},{"@type":"WebSite","@id":"https:\/\/www.protontherapie.fr\/#website","url":"https:\/\/www.protontherapie.fr\/","name":"INSTITUT M\u00c9DITERRAN\u00c9EN DE PROTONTH\u00c9RAPIE","description":"Un site utilisant WordPress","potentialAction":[{"@type":"SearchAction","target":{"@type":"EntryPoint","urlTemplate":"https:\/\/www.protontherapie.fr\/?s={search_term_string}"},"query-input":{"@type":"PropertyValueSpecification","valueRequired":true,"valueName":"search_term_string"}}],"inLanguage":"de"}]}},"_links":{"self":[{"href":"https:\/\/www.protontherapie.fr\/de\/wp-json\/wp\/v2\/pages\/413","targetHints":{"allow":["GET"]}}],"collection":[{"href":"https:\/\/www.protontherapie.fr\/de\/wp-json\/wp\/v2\/pages"}],"about":[{"href":"https:\/\/www.protontherapie.fr\/de\/wp-json\/wp\/v2\/types\/page"}],"author":[{"embeddable":true,"href":"https:\/\/www.protontherapie.fr\/de\/wp-json\/wp\/v2\/users\/1"}],"replies":[{"embeddable":true,"href":"https:\/\/www.protontherapie.fr\/de\/wp-json\/wp\/v2\/comments?post=413"}],"version-history":[{"count":5,"href":"https:\/\/www.protontherapie.fr\/de\/wp-json\/wp\/v2\/pages\/413\/revisions"}],"predecessor-version":[{"id":658,"href":"https:\/\/www.protontherapie.fr\/de\/wp-json\/wp\/v2\/pages\/413\/revisions\/658"}],"wp:featuredmedia":[{"embeddable":true,"href":"https:\/\/www.protontherapie.fr\/de\/wp-json\/wp\/v2\/media\/31"}],"wp:attachment":[{"href":"https:\/\/www.protontherapie.fr\/de\/wp-json\/wp\/v2\/media?parent=413"}],"curies":[{"name":"wp","href":"https:\/\/api.w.org\/{rel}","templated":true}]}}