{"id":333,"date":"2016-03-21T16:12:05","date_gmt":"2016-03-21T15:12:05","guid":{"rendered":"http:\/\/www.protontherapie.fr\/wordpress\/?page_id=333&#038;lang=de"},"modified":"2017-03-31T17:00:06","modified_gmt":"2017-03-31T16:00:06","slug":"page-accueil","status":"publish","type":"page","link":"https:\/\/www.protontherapie.fr\/de\/","title":{"rendered":"willkommen"},"content":{"rendered":"\n<div class=\"wpcf7 no-js\" id=\"wpcf7-f185-o1\" lang=\"fr-FR\" dir=\"ltr\" data-wpcf7-id=\"185\">\n<div class=\"screen-reader-response\"><p role=\"status\" aria-live=\"polite\" aria-atomic=\"true\"><\/p> <ul><\/ul><\/div>\n<form action=\"\/de\/wp-json\/wp\/v2\/pages\/333#wpcf7-f185-o1\" method=\"post\" class=\"wpcf7-form init\" aria-label=\"Formulaire de contact\" novalidate=\"novalidate\" data-status=\"init\">\n<fieldset class=\"hidden-fields-container\"><input type=\"hidden\" name=\"_wpcf7\" value=\"185\" \/><input type=\"hidden\" name=\"_wpcf7_version\" value=\"6.1.5\" \/><input type=\"hidden\" name=\"_wpcf7_locale\" value=\"fr_FR\" \/><input type=\"hidden\" name=\"_wpcf7_unit_tag\" value=\"wpcf7-f185-o1\" \/><input type=\"hidden\" name=\"_wpcf7_container_post\" value=\"0\" \/><input type=\"hidden\" name=\"_wpcf7_posted_data_hash\" value=\"\" \/><input type=\"hidden\" name=\"_wpcf7_recaptcha_response\" value=\"\" \/>\n<\/fieldset>\n<p>Votre nom (obligatoire)\n<\/p>\n<p><span class=\"wpcf7-form-control-wrap\" data-name=\"your-name\"><input size=\"40\" maxlength=\"400\" class=\"wpcf7-form-control wpcf7-text wpcf7-validates-as-required\" aria-required=\"true\" aria-invalid=\"false\" value=\"\" type=\"text\" name=\"your-name\" \/><\/span>\n<\/p>\n<p>Votre email (obligatoire)\n<\/p>\n<p><span class=\"wpcf7-form-control-wrap\" data-name=\"your-email\"><input size=\"40\" maxlength=\"400\" class=\"wpcf7-form-control wpcf7-email wpcf7-validates-as-required wpcf7-text wpcf7-validates-as-email\" aria-required=\"true\" aria-invalid=\"false\" value=\"\" type=\"email\" name=\"your-email\" \/><\/span>\n<\/p>\n<p>Sujet\n<\/p>\n<p><span class=\"wpcf7-form-control-wrap\" data-name=\"your-subject\"><input size=\"40\" maxlength=\"400\" class=\"wpcf7-form-control wpcf7-text\" aria-invalid=\"false\" value=\"\" type=\"text\" name=\"your-subject\" \/><\/span>\n<\/p>\n<p>Votre message (obligatoire)\n<\/p>\n<p><span class=\"wpcf7-form-control-wrap\" data-name=\"your-message\"><textarea cols=\"40\" rows=\"10\" maxlength=\"2000\" class=\"wpcf7-form-control wpcf7-textarea wpcf7-validates-as-required\" aria-required=\"true\" aria-invalid=\"false\" name=\"your-message\"><\/textarea><\/span>\n<\/p>\n<h3>Mention d\u2019information :\n<\/h3>\n<p>Les donn\u00e9es personnelles recueillies \u00e0 partir de ce formulaire sont exploit\u00e9es par le Responsable de traitement, l\u2019Institut M\u00e9diterran\u00e9en de ProtonTh\u00e9rapie du Centre Antoine Lacassagne, pour r\u00e9pondre \u00e0 votre demande.<br \/>\nConform\u00e9ment \u00e0 la loi n\u00b02018-493 du 20 juin 2018 sur la Protection des donn\u00e9es personnelles adapt\u00e9e de la loi Informatique et Libert\u00e9 du 6 janvier 1978 et du R\u00e8glement G\u00e9n\u00e9ral sur la Protection des Donn\u00e9es (R\u00e8glement UE 2016\/679), vous \u00eates inform\u00e9(e) que le traitement concernant la prise en charge de votre demande r\u00e9pond \u00e0 int\u00e9r\u00eat l\u00e9gitime pour l\u2019\u00e9tablissement.<br \/>\nSont utilis\u00e9es : votre nom, adresse email, le sujet et votre message de demande.<br \/>\nDe plus, celles-ci pourront \u00eatre communiqu\u00e9es \u00e0 nos prestataires de service g\u00e9rant le site internet qui sont des sous-traitants au sens du R\u00e8glement G\u00e9n\u00e9ral de la Protection des Donn\u00e9es. Le Centre Antoine Lacassagne ne travaille qu\u2019avec des sous-traitants qui pr\u00e9sentent des garanties suffisantes quant \u00e0 la mise en \u0153uvre de mesures techniques et organisationnelles appropri\u00e9es de mani\u00e8re \u00e0 ce que le traitement r\u00e9ponde aux exigences de la r\u00e8glementation applicable et garantisse de la protection de vos droits. La soci\u00e9t\u00e9 VcomK, 5 avenue Santa-Fior \u2013 06100 Nice et la soci\u00e9t\u00e9 OVH, 2 rue Kellermann \u2013 59100 Roubaix, France, assure le fonctionnement et l\u2019h\u00e9bergement du programme pour le Centre.<br \/>\nAux termes des dispositions l\u00e9gales et r\u00e8glementaires applicables, vous b\u00e9n\u00e9ficiez d\u2019un droit d\u2019acc\u00e8s, d\u2019opposition, de rectification, de suppression, de limitation et d\u2019opposition sur vos donn\u00e9es personnelles. Vous pouvez exercer votre droit en vous adressant \u00e0 l\u2019adresse e-mail suivante : dpo@nice.unicancer.fr, ou par courrier \u00e0 l'adresse suivante : Centre Antoine Lacassagne, D\u00e9l\u00e9gu\u00e9e \u00e0 la Protection des Donn\u00e9es \u2013 33 avenue de Valombrose \u2013 06189 Nice Cedex 2, France. Votre demande devra indiquer votre nom et pr\u00e9nom, adresse e-mail ou postale, \u00eatre sign\u00e9e et accompagn\u00e9e d\u2019un justificatif d\u2019identit\u00e9 en cours de validit\u00e9.<br \/>\nPour en savoir plus sur la gestion de vos donn\u00e9es, veuillez cliquer <a href=\"https:\/\/www.protontherapie.fr\/mentions-legales\/\"> ici <\/a>\n<\/p>\n<p><span class=\"wpcf7-form-control-wrap\" data-name=\"checkbox-329\"><span class=\"wpcf7-form-control wpcf7-checkbox wpcf7-validates-as-required\"><span class=\"wpcf7-list-item first last\"><input type=\"checkbox\" name=\"checkbox-329[]\" value=\"En soumettant ce formulaire, je reconnais avoir pris connaissance de la mention d\u2019information ci-dessous concernant le traitement de prise en charge de ma demande.\" \/><span class=\"wpcf7-list-item-label\">En soumettant ce formulaire, je reconnais avoir pris connaissance de la mention d\u2019information ci-dessous concernant le traitement de prise en charge de ma demande.<\/span><\/span><\/span><\/span>\n<\/p>\n<p>\n<span class=\"wpcf7-form-control-wrap recaptcha\" data-name=\"recaptcha\"><span data-sitekey=\"6LeXrsUeAAAAAE8Ji8n7hf7-JfDYGQI6Vh0LB4D2\" class=\"wpcf7-form-control wpcf7-recaptcha g-recaptcha\"><\/span>\r\n<noscript>\r\n\t<div class=\"grecaptcha-noscript\">\r\n\t\t<iframe loading=\"lazy\" src=\"https:\/\/www.google.com\/recaptcha\/api\/fallback?k=6LeXrsUeAAAAAE8Ji8n7hf7-JfDYGQI6Vh0LB4D2\" frameborder=\"0\" scrolling=\"no\" width=\"310\" height=\"430\">\r\n\t\t<\/iframe>\r\n\t\t<textarea name=\"g-recaptcha-response\" rows=\"3\" cols=\"40\" placeholder=\"reCaptcha Response Here\">\r\n\t\t<\/textarea>\r\n\t<\/div>\r\n<\/noscript>\r\n<\/span>\n<\/p>\n<p><input class=\"wpcf7-form-control wpcf7-submit has-spinner\" type=\"submit\" value=\"Envoyer\" \/>\n<\/p><input type='hidden' class='wpcf7-pum' value='{\"closepopup\":false,\"closedelay\":0,\"openpopup\":false,\"openpopup_id\":0}' \/><div class=\"wpcf7-response-output\" aria-hidden=\"true\"><\/div>\n<\/form>\n<\/div>\n\n","protected":false},"excerpt":{"rendered":"","protected":false},"author":1,"featured_media":0,"parent":0,"menu_order":0,"comment_status":"closed","ping_status":"open","template":"front-page.php","meta":{"_acf_changed":false,"footnotes":""},"class_list":["post-333","page","type-page","status-publish","hentry"],"acf":[],"yoast_head":"<!-- This site is optimized with the Yoast SEO plugin v27.3 - https:\/\/yoast.com\/product\/yoast-seo-wordpress\/ -->\n<title>willkommen - INSTITUT M\u00c9DITERRAN\u00c9EN DE PROTONTH\u00c9RAPIE<\/title>\n<meta name=\"robots\" content=\"index, follow, max-snippet:-1, max-image-preview:large, max-video-preview:-1\" \/>\n<link rel=\"canonical\" href=\"https:\/\/www.protontherapie.fr\/\" \/>\n<meta property=\"og:locale\" content=\"de_DE\" \/>\n<meta property=\"og:type\" content=\"article\" \/>\n<meta property=\"og:title\" content=\"willkommen - INSTITUT M\u00c9DITERRAN\u00c9EN DE PROTONTH\u00c9RAPIE\" \/>\n<meta property=\"og:url\" content=\"https:\/\/www.protontherapie.fr\/\" \/>\n<meta property=\"og:site_name\" content=\"INSTITUT M\u00c9DITERRAN\u00c9EN DE PROTONTH\u00c9RAPIE\" \/>\n<meta property=\"article:modified_time\" content=\"2017-03-31T16:00:06+00:00\" \/>\n<meta name=\"twitter:card\" content=\"summary_large_image\" \/>\n<script type=\"application\/ld+json\" class=\"yoast-schema-graph\">{\"@context\":\"https:\\\/\\\/schema.org\",\"@graph\":[{\"@type\":\"WebPage\",\"@id\":\"https:\\\/\\\/www.protontherapie.fr\\\/\",\"url\":\"https:\\\/\\\/www.protontherapie.fr\\\/\",\"name\":\"willkommen - INSTITUT M\u00c9DITERRAN\u00c9EN DE PROTONTH\u00c9RAPIE\",\"isPartOf\":{\"@id\":\"https:\\\/\\\/www.protontherapie.fr\\\/#website\"},\"datePublished\":\"2016-03-21T15:12:05+00:00\",\"dateModified\":\"2017-03-31T16:00:06+00:00\",\"breadcrumb\":{\"@id\":\"https:\\\/\\\/www.protontherapie.fr\\\/#breadcrumb\"},\"inLanguage\":\"de\",\"potentialAction\":[{\"@type\":\"ReadAction\",\"target\":[\"https:\\\/\\\/www.protontherapie.fr\\\/\"]}]},{\"@type\":\"BreadcrumbList\",\"@id\":\"https:\\\/\\\/www.protontherapie.fr\\\/#breadcrumb\",\"itemListElement\":[{\"@type\":\"ListItem\",\"position\":1,\"name\":\"Accueil\",\"item\":\"https:\\\/\\\/www.protontherapie.fr\\\/\"},{\"@type\":\"ListItem\",\"position\":2,\"name\":\"willkommen\"}]},{\"@type\":\"WebSite\",\"@id\":\"https:\\\/\\\/www.protontherapie.fr\\\/#website\",\"url\":\"https:\\\/\\\/www.protontherapie.fr\\\/\",\"name\":\"INSTITUT M\u00c9DITERRAN\u00c9EN DE PROTONTH\u00c9RAPIE\",\"description\":\"Un site utilisant WordPress\",\"potentialAction\":[{\"@type\":\"SearchAction\",\"target\":{\"@type\":\"EntryPoint\",\"urlTemplate\":\"https:\\\/\\\/www.protontherapie.fr\\\/?s={search_term_string}\"},\"query-input\":{\"@type\":\"PropertyValueSpecification\",\"valueRequired\":true,\"valueName\":\"search_term_string\"}}],\"inLanguage\":\"de\"}]}<\/script>\n<!-- \/ Yoast SEO plugin. -->","yoast_head_json":{"title":"willkommen - INSTITUT M\u00c9DITERRAN\u00c9EN DE PROTONTH\u00c9RAPIE","robots":{"index":"index","follow":"follow","max-snippet":"max-snippet:-1","max-image-preview":"max-image-preview:large","max-video-preview":"max-video-preview:-1"},"canonical":"https:\/\/www.protontherapie.fr\/","og_locale":"de_DE","og_type":"article","og_title":"willkommen - INSTITUT M\u00c9DITERRAN\u00c9EN DE PROTONTH\u00c9RAPIE","og_url":"https:\/\/www.protontherapie.fr\/","og_site_name":"INSTITUT M\u00c9DITERRAN\u00c9EN DE PROTONTH\u00c9RAPIE","article_modified_time":"2017-03-31T16:00:06+00:00","twitter_card":"summary_large_image","schema":{"@context":"https:\/\/schema.org","@graph":[{"@type":"WebPage","@id":"https:\/\/www.protontherapie.fr\/","url":"https:\/\/www.protontherapie.fr\/","name":"willkommen - INSTITUT M\u00c9DITERRAN\u00c9EN DE PROTONTH\u00c9RAPIE","isPartOf":{"@id":"https:\/\/www.protontherapie.fr\/#website"},"datePublished":"2016-03-21T15:12:05+00:00","dateModified":"2017-03-31T16:00:06+00:00","breadcrumb":{"@id":"https:\/\/www.protontherapie.fr\/#breadcrumb"},"inLanguage":"de","potentialAction":[{"@type":"ReadAction","target":["https:\/\/www.protontherapie.fr\/"]}]},{"@type":"BreadcrumbList","@id":"https:\/\/www.protontherapie.fr\/#breadcrumb","itemListElement":[{"@type":"ListItem","position":1,"name":"Accueil","item":"https:\/\/www.protontherapie.fr\/"},{"@type":"ListItem","position":2,"name":"willkommen"}]},{"@type":"WebSite","@id":"https:\/\/www.protontherapie.fr\/#website","url":"https:\/\/www.protontherapie.fr\/","name":"INSTITUT M\u00c9DITERRAN\u00c9EN DE PROTONTH\u00c9RAPIE","description":"Un site utilisant WordPress","potentialAction":[{"@type":"SearchAction","target":{"@type":"EntryPoint","urlTemplate":"https:\/\/www.protontherapie.fr\/?s={search_term_string}"},"query-input":{"@type":"PropertyValueSpecification","valueRequired":true,"valueName":"search_term_string"}}],"inLanguage":"de"}]}},"_links":{"self":[{"href":"https:\/\/www.protontherapie.fr\/de\/wp-json\/wp\/v2\/pages\/333","targetHints":{"allow":["GET"]}}],"collection":[{"href":"https:\/\/www.protontherapie.fr\/de\/wp-json\/wp\/v2\/pages"}],"about":[{"href":"https:\/\/www.protontherapie.fr\/de\/wp-json\/wp\/v2\/types\/page"}],"author":[{"embeddable":true,"href":"https:\/\/www.protontherapie.fr\/de\/wp-json\/wp\/v2\/users\/1"}],"replies":[{"embeddable":true,"href":"https:\/\/www.protontherapie.fr\/de\/wp-json\/wp\/v2\/comments?post=333"}],"version-history":[{"count":13,"href":"https:\/\/www.protontherapie.fr\/de\/wp-json\/wp\/v2\/pages\/333\/revisions"}],"predecessor-version":[{"id":653,"href":"https:\/\/www.protontherapie.fr\/de\/wp-json\/wp\/v2\/pages\/333\/revisions\/653"}],"wp:attachment":[{"href":"https:\/\/www.protontherapie.fr\/de\/wp-json\/wp\/v2\/media?parent=333"}],"curies":[{"name":"wp","href":"https:\/\/api.w.org\/{rel}","templated":true}]}}